{"id":19650,"date":"2025-11-06T09:31:32","date_gmt":"2025-11-06T09:31:32","guid":{"rendered":"https:\/\/www.garzianomacchineagricole.it\/prodotto\/motosega-stihl-ms-500iw\/"},"modified":"2026-03-24T09:02:23","modified_gmt":"2026-03-24T09:02:23","slug":"motosega-stihl-ms-500iw","status":"publish","type":"product","link":"https:\/\/www.garzianomacchineagricole.it\/en\/product\/motosega-stihl-ms-500iw\/","title":{"rendered":"MOTOSEGA STIHL MS 500i-W"},"content":{"rendered":"<p><strong>Dati tecnici<\/strong><\/p>\n<p>Cilindrata<\/p>\n<p>79.2 cm\u00b3<\/p>\n<p>Potenza<\/p>\n<p>5 kW<\/p>\n<p>Potenza<\/p>\n<p>6.80 CV<\/p>\n<p>CO2<\/p>\n<p>706 g\/kWh<\/p>\n<p>Peso unitario senza carburante<\/p>\n<p>6.3 kg\u00a0<sup>1)<\/sup><\/p>\n<p>Peso del sistema senza carburante<\/p>\n<p>7.57 \/ 7.88 kg\u00a0<sup>2)<\/sup><\/p>\n<p>Rapporto peso\/potenza<\/p>\n<p>1.24 kg\/kW<\/p>\n<p>Lunghezza della spranga<\/p>\n<p>50 \/ 63 cm\u00a0<sup>3)<\/sup><\/p>\n<p>Larghezza della scanalatura<\/p>\n<p>1.60 mm<\/p>\n<p>Passo catena<\/p>\n<p>3\/8&#8243;<\/p>\n<p>Lunghezza del dispositivo con arresto ad artiglio<\/p>\n<p>468 mm\u00a0<sup>1)<\/sup><\/p>\n<p>Livello di pressione acustica<\/p>\n<p>106 dB(A)\u00a0<sup>4)<\/sup><\/p>\n<p>Livello di potenza acustica<\/p>\n<p>117 dB(A)\u00a0<sup>4)<\/sup><\/p>\n<p>Valore vibratorio sinistra<\/p>\n<p>4.2 m\/s\u00b2\u00a0<sup>5)<\/sup><\/p>\n<p>Valore vibratorio destra<\/p>\n<p>4 m\/s\u00b2\u00a0<sup>5)<\/sup><\/p>","protected":false},"excerpt":{"rendered":"<h2>La prima innovativa motosega con iniezione elettronica<\/h2>\n<p>La motosega STIHL MS 500i \u00e8 ideale per lavori forestali. La sua elevata potenza e la buona maneggevolezza permettono di lavorare efficacemente con legno di grandi dimensioni. Grazie al design leggero e al comportamento dinamico, la motosega \u00e8 eccellente non solo per abbattere e tagliare, ma anche per sramare.<\/p>\n<p>&nbsp;<\/p>\n<p>La MS 500i \u00e8 la prima motosega al mondo con\u00a0<a style=\"color: inherit;\" href=\"https:\/\/www.stihl.it\/it\/professionisti\/innovazioni-e-tecnologie-professionisti\/iniezione\" target=\"_blank\" rel=\"noopener noreferrer\"><strong>iniezione elettronica<\/strong><\/a>. La tecnologia innovativa STIHL Injection garantisce prestazioni ottimali del motore e un eccellente avviamento indipendentemente dall&#8217;altitudine e dalla temperatura ambiente. I sensori misurano la pressione dell&#8217;aria, la temperatura interna ed esterna e trasmettono le informazioni all&#8217;unit\u00e0 di controllo. Questa, grazie ai valori rilevati, pu\u00f2 determinare in modo ottimale la quantit\u00e0 di carburante e il momento di accensione. Di conseguenza, la dosatura del carburante \u00e8 assicurata dall&#8217;apertura e chiusura della valvola. STIHL Injection offre un&#8217;accelerazione rapida con prestazioni estremamente elevate e peso ridotto:<\/p>\n<ul>\n<li>La catena accelera da 0 km\/h a 100 km\/h in 0,25 secondi.<\/li>\n<li>La MS 500i raggiunge il miglior rapporto peso\/potenza sul mercato: unici 1,24 kg\/kW.<\/li>\n<li>L&#8217;iniezione elettronica avviene nel collaudato\u00a0<a style=\"color: inherit;\" href=\"https:\/\/www.stihl.it\/it\/tecnologia-stihl\/motori-stihl\/motore-2-mix\" target=\"_blank\" rel=\"noopener noreferrer\"><strong>motore STIHL 2-MIX<\/strong><\/a>, che offre alte prestazioni con basso consumo. Per ridurre l&#8217;affaticamento muscolare e articolare, la motosega \u00e8 dotata di STIHL ElastoStart. Il\u00a0<a style=\"color: inherit;\" href=\"https:\/\/www.stihl.it\/it\/tecnologia-stihl\/motori-stihl\/sistema-di-filtraggio-dellaria-a-lungo-termine\" target=\"_blank\" rel=\"noopener noreferrer\"><strong>filtro aria HD2<\/strong><\/a>, i dadi anti-perdita sul coperchio del pignone, la pompa dell&#8217;olio regolabile, il tappo del serbatoio senza attrezzi e la tensione laterale della catena completano l&#8217;equipaggiamento di alta qualit\u00e0.<\/li>\n<\/ul>\n<p>&nbsp;<\/p>","protected":false},"featured_media":19651,"comment_status":"closed","ping_status":"closed","template":"","meta":[],"product_brand":[107],"product_cat":[136,124],"product_tag":[],"class_list":{"0":"post-19650","1":"product","2":"type-product","3":"status-publish","4":"has-post-thumbnail","6":"product_brand-stihl","7":"product_cat-motosega","8":"product_cat-attrezzatura-stihl","10":"first","11":"instock","12":"taxable","13":"shipping-taxable","14":"purchasable","15":"product-type-simple"},"yoast_head":"<!-- This site is optimized with the Yoast SEO plugin v27.3 - https:\/\/yoast.com\/product\/yoast-seo-wordpress\/ -->\n<title>MOTOSEGA STIHL MS 500i-W - Garziano Macchine Agricole<\/title>\n<meta name=\"robots\" content=\"index, follow, max-snippet:-1, max-image-preview:large, max-video-preview:-1\" \/>\n<link rel=\"canonical\" href=\"https:\/\/www.garzianomacchineagricole.it\/en\/prodotto\/motosega-stihl-ms-500iw\/\" \/>\n<meta property=\"og:locale\" content=\"en_GB\" \/>\n<meta property=\"og:type\" content=\"article\" \/>\n<meta property=\"og:title\" content=\"MOTOSEGA STIHL MS 500i-W - Garziano Macchine Agricole\" \/>\n<meta property=\"og:description\" content=\"La prima innovativa motosega con iniezione elettronica La motosega STIHL MS 500i \u00e8 ideale per lavori forestali. La sua elevata potenza e la buona maneggevolezza permettono di lavorare efficacemente con legno di grandi dimensioni. Grazie al design leggero e al comportamento dinamico, la motosega \u00e8 eccellente non solo per abbattere e tagliare, ma anche per sramare.  &nbsp;  La MS 500i \u00e8 la prima motosega al mondo con\u00a0iniezione elettronica. La tecnologia innovativa STIHL Injection garantisce prestazioni ottimali del motore e un eccellente avviamento indipendentemente dall&#039;altitudine e dalla temperatura ambiente. I sensori misurano la pressione dell&#039;aria, la temperatura interna ed esterna e trasmettono le informazioni all&#039;unit\u00e0 di controllo. Questa, grazie ai valori rilevati, pu\u00f2 determinare in modo ottimale la quantit\u00e0 di carburante e il momento di accensione. Di conseguenza, la dosatura del carburante \u00e8 assicurata dall&#039;apertura e chiusura della valvola. STIHL Injection offre un&#039;accelerazione rapida con prestazioni estremamente elevate e peso ridotto:   La catena accelera da 0 km\/h a 100 km\/h in 0,25 secondi.  La MS 500i raggiunge il miglior rapporto peso\/potenza sul mercato: unici 1,24 kg\/kW.  L&#039;iniezione elettronica avviene nel collaudato\u00a0motore STIHL 2-MIX, che offre alte prestazioni con basso consumo. Per ridurre l&#039;affaticamento muscolare e articolare, la motosega \u00e8 dotata di STIHL ElastoStart. Il\u00a0filtro aria HD2, i dadi anti-perdita sul coperchio del pignone, la pompa dell&#039;olio regolabile, il tappo del serbatoio senza attrezzi e la tensione laterale della catena completano l&#039;equipaggiamento di alta qualit\u00e0.  &nbsp;\" \/>\n<meta property=\"og:url\" content=\"https:\/\/www.garzianomacchineagricole.it\/en\/prodotto\/motosega-stihl-ms-500iw\/\" \/>\n<meta property=\"og:site_name\" content=\"Garziano Macchine Agricole\" \/>\n<meta property=\"article:modified_time\" content=\"2026-03-24T09:02:23+00:00\" \/>\n<meta property=\"og:image\" content=\"https:\/\/www.garzianomacchineagricole.it\/wp-content\/uploads\/MS-500.jpg\" \/>\n\t<meta property=\"og:image:width\" content=\"2040\" \/>\n\t<meta property=\"og:image:height\" content=\"1360\" \/>\n\t<meta property=\"og:image:type\" content=\"image\/jpeg\" \/>\n<meta name=\"twitter:card\" content=\"summary_large_image\" \/>\n<meta name=\"twitter:label1\" content=\"Estimated reading time\" \/>\n\t<meta name=\"twitter:data1\" content=\"1 minute\" \/>\n<script type=\"application\/ld+json\" class=\"yoast-schema-graph\">{\"@context\":\"https:\\\/\\\/schema.org\",\"@graph\":[{\"@type\":\"WebPage\",\"@id\":\"https:\\\/\\\/www.garzianomacchineagricole.it\\\/prodotto\\\/motosega-stihl-ms-500iw\\\/\",\"url\":\"https:\\\/\\\/www.garzianomacchineagricole.it\\\/prodotto\\\/motosega-stihl-ms-500iw\\\/\",\"name\":\"MOTOSEGA STIHL MS 500i-W - Garziano Macchine Agricole\",\"isPartOf\":{\"@id\":\"https:\\\/\\\/www.garzianomacchineagricole.it\\\/#website\"},\"primaryImageOfPage\":{\"@id\":\"https:\\\/\\\/www.garzianomacchineagricole.it\\\/prodotto\\\/motosega-stihl-ms-500iw\\\/#primaryimage\"},\"image\":{\"@id\":\"https:\\\/\\\/www.garzianomacchineagricole.it\\\/prodotto\\\/motosega-stihl-ms-500iw\\\/#primaryimage\"},\"thumbnailUrl\":\"https:\\\/\\\/www.garzianomacchineagricole.it\\\/wp-content\\\/uploads\\\/MS-500.jpg\",\"datePublished\":\"2025-11-06T09:31:32+00:00\",\"dateModified\":\"2026-03-24T09:02:23+00:00\",\"breadcrumb\":{\"@id\":\"https:\\\/\\\/www.garzianomacchineagricole.it\\\/prodotto\\\/motosega-stihl-ms-500iw\\\/#breadcrumb\"},\"inLanguage\":\"en-GB\",\"potentialAction\":[{\"@type\":\"ReadAction\",\"target\":[\"https:\\\/\\\/www.garzianomacchineagricole.it\\\/prodotto\\\/motosega-stihl-ms-500iw\\\/\"]}]},{\"@type\":\"ImageObject\",\"inLanguage\":\"en-GB\",\"@id\":\"https:\\\/\\\/www.garzianomacchineagricole.it\\\/prodotto\\\/motosega-stihl-ms-500iw\\\/#primaryimage\",\"url\":\"https:\\\/\\\/www.garzianomacchineagricole.it\\\/wp-content\\\/uploads\\\/MS-500.jpg\",\"contentUrl\":\"https:\\\/\\\/www.garzianomacchineagricole.it\\\/wp-content\\\/uploads\\\/MS-500.jpg\",\"width\":2040,\"height\":1360},{\"@type\":\"BreadcrumbList\",\"@id\":\"https:\\\/\\\/www.garzianomacchineagricole.it\\\/prodotto\\\/motosega-stihl-ms-500iw\\\/#breadcrumb\",\"itemListElement\":[{\"@type\":\"ListItem\",\"position\":1,\"name\":\"Home\",\"item\":\"https:\\\/\\\/www.garzianomacchineagricole.it\\\/\"},{\"@type\":\"ListItem\",\"position\":2,\"name\":\"Shop\",\"item\":\"https:\\\/\\\/www.garzianomacchineagricole.it\\\/negozio\\\/\"},{\"@type\":\"ListItem\",\"position\":3,\"name\":\"MOTOSEGA STIHL MS 500i-W\"}]},{\"@type\":\"WebSite\",\"@id\":\"https:\\\/\\\/www.garzianomacchineagricole.it\\\/#website\",\"url\":\"https:\\\/\\\/www.garzianomacchineagricole.it\\\/\",\"name\":\"Garziano Macchine Agricole\",\"description\":\"Vendita Assistenza e Ricambi Macchine Agricole\",\"potentialAction\":[{\"@type\":\"SearchAction\",\"target\":{\"@type\":\"EntryPoint\",\"urlTemplate\":\"https:\\\/\\\/www.garzianomacchineagricole.it\\\/?s={search_term_string}\"},\"query-input\":{\"@type\":\"PropertyValueSpecification\",\"valueRequired\":true,\"valueName\":\"search_term_string\"}}],\"inLanguage\":\"en-GB\"}]}<\/script>\n<!-- \/ Yoast SEO plugin. -->","yoast_head_json":{"title":"MOTOSEGA STIHL MS 500i-W - Garziano Macchine Agricole","robots":{"index":"index","follow":"follow","max-snippet":"max-snippet:-1","max-image-preview":"max-image-preview:large","max-video-preview":"max-video-preview:-1"},"canonical":"https:\/\/www.garzianomacchineagricole.it\/en\/prodotto\/motosega-stihl-ms-500iw\/","og_locale":"en_GB","og_type":"article","og_title":"MOTOSEGA STIHL MS 500i-W - Garziano Macchine Agricole","og_description":"La prima innovativa motosega con iniezione elettronica La motosega STIHL MS 500i \u00e8 ideale per lavori forestali. La sua elevata potenza e la buona maneggevolezza permettono di lavorare efficacemente con legno di grandi dimensioni. Grazie al design leggero e al comportamento dinamico, la motosega \u00e8 eccellente non solo per abbattere e tagliare, ma anche per sramare.  &nbsp;  La MS 500i \u00e8 la prima motosega al mondo con\u00a0iniezione elettronica. La tecnologia innovativa STIHL Injection garantisce prestazioni ottimali del motore e un eccellente avviamento indipendentemente dall'altitudine e dalla temperatura ambiente. I sensori misurano la pressione dell'aria, la temperatura interna ed esterna e trasmettono le informazioni all'unit\u00e0 di controllo. Questa, grazie ai valori rilevati, pu\u00f2 determinare in modo ottimale la quantit\u00e0 di carburante e il momento di accensione. Di conseguenza, la dosatura del carburante \u00e8 assicurata dall'apertura e chiusura della valvola. STIHL Injection offre un'accelerazione rapida con prestazioni estremamente elevate e peso ridotto:   La catena accelera da 0 km\/h a 100 km\/h in 0,25 secondi.  La MS 500i raggiunge il miglior rapporto peso\/potenza sul mercato: unici 1,24 kg\/kW.  L'iniezione elettronica avviene nel collaudato\u00a0motore STIHL 2-MIX, che offre alte prestazioni con basso consumo. Per ridurre l'affaticamento muscolare e articolare, la motosega \u00e8 dotata di STIHL ElastoStart. Il\u00a0filtro aria HD2, i dadi anti-perdita sul coperchio del pignone, la pompa dell'olio regolabile, il tappo del serbatoio senza attrezzi e la tensione laterale della catena completano l'equipaggiamento di alta qualit\u00e0.  &nbsp;","og_url":"https:\/\/www.garzianomacchineagricole.it\/en\/prodotto\/motosega-stihl-ms-500iw\/","og_site_name":"Garziano Macchine Agricole","article_modified_time":"2026-03-24T09:02:23+00:00","og_image":[{"width":2040,"height":1360,"url":"https:\/\/www.garzianomacchineagricole.it\/wp-content\/uploads\/MS-500.jpg","type":"image\/jpeg"}],"twitter_card":"summary_large_image","twitter_misc":{"Estimated reading time":"1 minute"},"schema":{"@context":"https:\/\/schema.org","@graph":[{"@type":"WebPage","@id":"https:\/\/www.garzianomacchineagricole.it\/prodotto\/motosega-stihl-ms-500iw\/","url":"https:\/\/www.garzianomacchineagricole.it\/prodotto\/motosega-stihl-ms-500iw\/","name":"MOTOSEGA STIHL MS 500i-W - Garziano Macchine Agricole","isPartOf":{"@id":"https:\/\/www.garzianomacchineagricole.it\/#website"},"primaryImageOfPage":{"@id":"https:\/\/www.garzianomacchineagricole.it\/prodotto\/motosega-stihl-ms-500iw\/#primaryimage"},"image":{"@id":"https:\/\/www.garzianomacchineagricole.it\/prodotto\/motosega-stihl-ms-500iw\/#primaryimage"},"thumbnailUrl":"https:\/\/www.garzianomacchineagricole.it\/wp-content\/uploads\/MS-500.jpg","datePublished":"2025-11-06T09:31:32+00:00","dateModified":"2026-03-24T09:02:23+00:00","breadcrumb":{"@id":"https:\/\/www.garzianomacchineagricole.it\/prodotto\/motosega-stihl-ms-500iw\/#breadcrumb"},"inLanguage":"en-GB","potentialAction":[{"@type":"ReadAction","target":["https:\/\/www.garzianomacchineagricole.it\/prodotto\/motosega-stihl-ms-500iw\/"]}]},{"@type":"ImageObject","inLanguage":"en-GB","@id":"https:\/\/www.garzianomacchineagricole.it\/prodotto\/motosega-stihl-ms-500iw\/#primaryimage","url":"https:\/\/www.garzianomacchineagricole.it\/wp-content\/uploads\/MS-500.jpg","contentUrl":"https:\/\/www.garzianomacchineagricole.it\/wp-content\/uploads\/MS-500.jpg","width":2040,"height":1360},{"@type":"BreadcrumbList","@id":"https:\/\/www.garzianomacchineagricole.it\/prodotto\/motosega-stihl-ms-500iw\/#breadcrumb","itemListElement":[{"@type":"ListItem","position":1,"name":"Home","item":"https:\/\/www.garzianomacchineagricole.it\/"},{"@type":"ListItem","position":2,"name":"Shop","item":"https:\/\/www.garzianomacchineagricole.it\/negozio\/"},{"@type":"ListItem","position":3,"name":"MOTOSEGA STIHL MS 500i-W"}]},{"@type":"WebSite","@id":"https:\/\/www.garzianomacchineagricole.it\/#website","url":"https:\/\/www.garzianomacchineagricole.it\/","name":"Garziano Macchine Agricole","description":"Vendita Assistenza e Ricambi Macchine Agricole","potentialAction":[{"@type":"SearchAction","target":{"@type":"EntryPoint","urlTemplate":"https:\/\/www.garzianomacchineagricole.it\/?s={search_term_string}"},"query-input":{"@type":"PropertyValueSpecification","valueRequired":true,"valueName":"search_term_string"}}],"inLanguage":"en-GB"}]}},"_links":{"self":[{"href":"https:\/\/www.garzianomacchineagricole.it\/en\/wp-json\/wp\/v2\/product\/19650","targetHints":{"allow":["GET"]}}],"collection":[{"href":"https:\/\/www.garzianomacchineagricole.it\/en\/wp-json\/wp\/v2\/product"}],"about":[{"href":"https:\/\/www.garzianomacchineagricole.it\/en\/wp-json\/wp\/v2\/types\/product"}],"replies":[{"embeddable":true,"href":"https:\/\/www.garzianomacchineagricole.it\/en\/wp-json\/wp\/v2\/comments?post=19650"}],"wp:featuredmedia":[{"embeddable":true,"href":"https:\/\/www.garzianomacchineagricole.it\/en\/wp-json\/wp\/v2\/media\/19651"}],"wp:attachment":[{"href":"https:\/\/www.garzianomacchineagricole.it\/en\/wp-json\/wp\/v2\/media?parent=19650"}],"wp:term":[{"taxonomy":"product_brand","embeddable":true,"href":"https:\/\/www.garzianomacchineagricole.it\/en\/wp-json\/wp\/v2\/product_brand?post=19650"},{"taxonomy":"product_cat","embeddable":true,"href":"https:\/\/www.garzianomacchineagricole.it\/en\/wp-json\/wp\/v2\/product_cat?post=19650"},{"taxonomy":"product_tag","embeddable":true,"href":"https:\/\/www.garzianomacchineagricole.it\/en\/wp-json\/wp\/v2\/product_tag?post=19650"}],"curies":[{"name":"wp","href":"https:\/\/api.w.org\/{rel}","templated":true}]}}