{"id":19670,"date":"2025-11-07T07:06:12","date_gmt":"2025-11-07T07:06:12","guid":{"rendered":"https:\/\/www.garzianomacchineagricole.it\/prodotto\/motore-kombi-km-94-rce\/"},"modified":"2026-04-07T15:30:07","modified_gmt":"2026-04-07T15:30:07","slug":"motore-kombi-km-94-rce","status":"publish","type":"product","link":"https:\/\/www.garzianomacchineagricole.it\/en\/product\/motore-kombi-km-94-rce\/","title":{"rendered":"MOTORE KOMBI KM 94 RC-E"},"content":{"rendered":"","protected":false},"excerpt":{"rendered":"<h2>Leggero motore Kombi con STIHL ECOSPEED<\/h2>\n<p>Il motore combinato STIHL KM 94 RC-E supporta gli utenti professionali nella cura o nella lavorazione di superfici pi\u00f9 ampie. Il\u00a0<a style=\"color: inherit;\" href=\"https:\/\/www.stihl.it\/it\/tecnologia-stihl\/motori-stihl\/motore-2-mix\" target=\"_blank\" rel=\"noopener noreferrer\"><strong>motore STIHL 2-MIX<\/strong><\/a>\u00a0\u00e8 maneggevole e parsimonioso. Grazie alla funzione di carico parziale STIHL ECOSPEED, puoi regolare la sua velocit\u00e0 direttamente dall&#8217;impugnatura multifunzionale a una mano, adattando cos\u00ec la potenza alle tue esigenze individuali e risparmiando carburante. Il\u00a0<a style=\"color: inherit;\" href=\"https:\/\/www.stihl.it\/it\/tecnologia-stihl\/sistemi-di-avviamento\/ergostart\" target=\"_blank\" rel=\"noopener noreferrer\"><strong>sistema STIHL ErgoStart\u00a0<\/strong><\/a>consente un avvio comodo grazie a un tiro uniforme del motore combinato STIHL KM 94 RC-E. L&#8217;impianto di accensione elettronico garantisce un funzionamento del motore senza problemi e riduce le emissioni di gas di scarico. Dopo una pausa di lavoro, il motore pu\u00f2 essere riavviato direttamente grazie al pulsante di arresto. L&#8217;impugnatura ergonomica circolare con limitatore di passo ti supporta nel lavoro confortevole con il STIHL KM 94 RC-E anche in spazi ristretti. Per proteggere i muscoli e le articolazioni, il sistema antivibrazione STIHL riduce le vibrazioni del motore.<\/p>\n<p>&nbsp;<\/p>\n<p>Grazie alla tracolla imbottita, puoi eseguire lavori pi\u00f9 lunghi in modo pi\u00f9 rilassato e con meno sforzo. STIHL KM 94 RC-E \u00e8 adatto a tutti gli attrezzi combinati del sistema STIHL Kombi. Grazie al pratico sistema di sgancio rapido con vite a farfalla, puoi cambiare rapidamente l&#8217;attrezzo per diverse applicazioni. Inoltre, il KM 94 RC-E \u00e8 facile da trasportare e da riporre grazie all&#8217;albero divisibile.<\/p>","protected":false},"featured_media":19671,"comment_status":"closed","ping_status":"closed","template":"","meta":[],"product_brand":[107],"product_cat":[196,124],"product_tag":[],"class_list":{"0":"post-19670","1":"product","2":"type-product","3":"status-publish","4":"has-post-thumbnail","6":"product_brand-stihl","7":"product_cat-sistema-kombi","8":"product_cat-attrezzatura-stihl","10":"first","11":"instock","12":"taxable","13":"shipping-taxable","14":"purchasable","15":"product-type-simple"},"yoast_head":"<!-- This site is optimized with the Yoast SEO plugin v27.3 - https:\/\/yoast.com\/product\/yoast-seo-wordpress\/ -->\n<title>MOTORE KOMBI KM 94 RC-E - Garziano Macchine Agricole<\/title>\n<meta name=\"robots\" content=\"index, follow, max-snippet:-1, max-image-preview:large, max-video-preview:-1\" \/>\n<link rel=\"canonical\" href=\"https:\/\/www.garzianomacchineagricole.it\/en\/prodotto\/motore-kombi-km-94-rce\/\" \/>\n<meta property=\"og:locale\" content=\"en_GB\" \/>\n<meta property=\"og:type\" content=\"article\" \/>\n<meta property=\"og:title\" content=\"MOTORE KOMBI KM 94 RC-E - Garziano Macchine Agricole\" \/>\n<meta property=\"og:description\" content=\"Leggero motore Kombi con STIHL ECOSPEED Il motore combinato STIHL KM 94 RC-E supporta gli utenti professionali nella cura o nella lavorazione di superfici pi\u00f9 ampie. Il\u00a0motore STIHL 2-MIX\u00a0\u00e8 maneggevole e parsimonioso. Grazie alla funzione di carico parziale STIHL ECOSPEED, puoi regolare la sua velocit\u00e0 direttamente dall&#039;impugnatura multifunzionale a una mano, adattando cos\u00ec la potenza alle tue esigenze individuali e risparmiando carburante. Il\u00a0sistema STIHL ErgoStart\u00a0consente un avvio comodo grazie a un tiro uniforme del motore combinato STIHL KM 94 RC-E. L&#039;impianto di accensione elettronico garantisce un funzionamento del motore senza problemi e riduce le emissioni di gas di scarico. Dopo una pausa di lavoro, il motore pu\u00f2 essere riavviato direttamente grazie al pulsante di arresto. L&#039;impugnatura ergonomica circolare con limitatore di passo ti supporta nel lavoro confortevole con il STIHL KM 94 RC-E anche in spazi ristretti. Per proteggere i muscoli e le articolazioni, il sistema antivibrazione STIHL riduce le vibrazioni del motore.  &nbsp;  Grazie alla tracolla imbottita, puoi eseguire lavori pi\u00f9 lunghi in modo pi\u00f9 rilassato e con meno sforzo. STIHL KM 94 RC-E \u00e8 adatto a tutti gli attrezzi combinati del sistema STIHL Kombi. Grazie al pratico sistema di sgancio rapido con vite a farfalla, puoi cambiare rapidamente l&#039;attrezzo per diverse applicazioni. Inoltre, il KM 94 RC-E \u00e8 facile da trasportare e da riporre grazie all&#039;albero divisibile.\" \/>\n<meta property=\"og:url\" content=\"https:\/\/www.garzianomacchineagricole.it\/en\/prodotto\/motore-kombi-km-94-rce\/\" \/>\n<meta property=\"og:site_name\" content=\"Garziano Macchine Agricole\" \/>\n<meta property=\"article:modified_time\" content=\"2026-04-07T15:30:07+00:00\" \/>\n<meta property=\"og:image\" content=\"https:\/\/www.garzianomacchineagricole.it\/wp-content\/uploads\/km-94-1.jpg\" \/>\n\t<meta property=\"og:image:width\" content=\"1065\" \/>\n\t<meta property=\"og:image:height\" content=\"1420\" \/>\n\t<meta property=\"og:image:type\" content=\"image\/jpeg\" \/>\n<meta name=\"twitter:card\" content=\"summary_large_image\" \/>\n<script type=\"application\/ld+json\" class=\"yoast-schema-graph\">{\"@context\":\"https:\\\/\\\/schema.org\",\"@graph\":[{\"@type\":\"WebPage\",\"@id\":\"https:\\\/\\\/www.garzianomacchineagricole.it\\\/prodotto\\\/motore-kombi-km-94-rce\\\/\",\"url\":\"https:\\\/\\\/www.garzianomacchineagricole.it\\\/prodotto\\\/motore-kombi-km-94-rce\\\/\",\"name\":\"MOTORE KOMBI KM 94 RC-E - Garziano Macchine Agricole\",\"isPartOf\":{\"@id\":\"https:\\\/\\\/www.garzianomacchineagricole.it\\\/#website\"},\"primaryImageOfPage\":{\"@id\":\"https:\\\/\\\/www.garzianomacchineagricole.it\\\/prodotto\\\/motore-kombi-km-94-rce\\\/#primaryimage\"},\"image\":{\"@id\":\"https:\\\/\\\/www.garzianomacchineagricole.it\\\/prodotto\\\/motore-kombi-km-94-rce\\\/#primaryimage\"},\"thumbnailUrl\":\"https:\\\/\\\/www.garzianomacchineagricole.it\\\/wp-content\\\/uploads\\\/km-94-1.jpg\",\"datePublished\":\"2025-11-07T07:06:12+00:00\",\"dateModified\":\"2026-04-07T15:30:07+00:00\",\"breadcrumb\":{\"@id\":\"https:\\\/\\\/www.garzianomacchineagricole.it\\\/prodotto\\\/motore-kombi-km-94-rce\\\/#breadcrumb\"},\"inLanguage\":\"en-GB\",\"potentialAction\":[{\"@type\":\"ReadAction\",\"target\":[\"https:\\\/\\\/www.garzianomacchineagricole.it\\\/prodotto\\\/motore-kombi-km-94-rce\\\/\"]}]},{\"@type\":\"ImageObject\",\"inLanguage\":\"en-GB\",\"@id\":\"https:\\\/\\\/www.garzianomacchineagricole.it\\\/prodotto\\\/motore-kombi-km-94-rce\\\/#primaryimage\",\"url\":\"https:\\\/\\\/www.garzianomacchineagricole.it\\\/wp-content\\\/uploads\\\/km-94-1.jpg\",\"contentUrl\":\"https:\\\/\\\/www.garzianomacchineagricole.it\\\/wp-content\\\/uploads\\\/km-94-1.jpg\",\"width\":1065,\"height\":1420},{\"@type\":\"BreadcrumbList\",\"@id\":\"https:\\\/\\\/www.garzianomacchineagricole.it\\\/prodotto\\\/motore-kombi-km-94-rce\\\/#breadcrumb\",\"itemListElement\":[{\"@type\":\"ListItem\",\"position\":1,\"name\":\"Home\",\"item\":\"https:\\\/\\\/www.garzianomacchineagricole.it\\\/\"},{\"@type\":\"ListItem\",\"position\":2,\"name\":\"Shop\",\"item\":\"https:\\\/\\\/www.garzianomacchineagricole.it\\\/negozio\\\/\"},{\"@type\":\"ListItem\",\"position\":3,\"name\":\"MOTORE KOMBI KM 94 RC-E\"}]},{\"@type\":\"WebSite\",\"@id\":\"https:\\\/\\\/www.garzianomacchineagricole.it\\\/#website\",\"url\":\"https:\\\/\\\/www.garzianomacchineagricole.it\\\/\",\"name\":\"Garziano Macchine Agricole\",\"description\":\"Vendita Assistenza e Ricambi Macchine Agricole\",\"potentialAction\":[{\"@type\":\"SearchAction\",\"target\":{\"@type\":\"EntryPoint\",\"urlTemplate\":\"https:\\\/\\\/www.garzianomacchineagricole.it\\\/?s={search_term_string}\"},\"query-input\":{\"@type\":\"PropertyValueSpecification\",\"valueRequired\":true,\"valueName\":\"search_term_string\"}}],\"inLanguage\":\"en-GB\"}]}<\/script>\n<!-- \/ Yoast SEO plugin. -->","yoast_head_json":{"title":"MOTORE KOMBI KM 94 RC-E - Garziano Macchine Agricole","robots":{"index":"index","follow":"follow","max-snippet":"max-snippet:-1","max-image-preview":"max-image-preview:large","max-video-preview":"max-video-preview:-1"},"canonical":"https:\/\/www.garzianomacchineagricole.it\/en\/prodotto\/motore-kombi-km-94-rce\/","og_locale":"en_GB","og_type":"article","og_title":"MOTORE KOMBI KM 94 RC-E - Garziano Macchine Agricole","og_description":"Leggero motore Kombi con STIHL ECOSPEED Il motore combinato STIHL KM 94 RC-E supporta gli utenti professionali nella cura o nella lavorazione di superfici pi\u00f9 ampie. Il\u00a0motore STIHL 2-MIX\u00a0\u00e8 maneggevole e parsimonioso. Grazie alla funzione di carico parziale STIHL ECOSPEED, puoi regolare la sua velocit\u00e0 direttamente dall'impugnatura multifunzionale a una mano, adattando cos\u00ec la potenza alle tue esigenze individuali e risparmiando carburante. Il\u00a0sistema STIHL ErgoStart\u00a0consente un avvio comodo grazie a un tiro uniforme del motore combinato STIHL KM 94 RC-E. L'impianto di accensione elettronico garantisce un funzionamento del motore senza problemi e riduce le emissioni di gas di scarico. Dopo una pausa di lavoro, il motore pu\u00f2 essere riavviato direttamente grazie al pulsante di arresto. L'impugnatura ergonomica circolare con limitatore di passo ti supporta nel lavoro confortevole con il STIHL KM 94 RC-E anche in spazi ristretti. Per proteggere i muscoli e le articolazioni, il sistema antivibrazione STIHL riduce le vibrazioni del motore.  &nbsp;  Grazie alla tracolla imbottita, puoi eseguire lavori pi\u00f9 lunghi in modo pi\u00f9 rilassato e con meno sforzo. STIHL KM 94 RC-E \u00e8 adatto a tutti gli attrezzi combinati del sistema STIHL Kombi. Grazie al pratico sistema di sgancio rapido con vite a farfalla, puoi cambiare rapidamente l'attrezzo per diverse applicazioni. Inoltre, il KM 94 RC-E \u00e8 facile da trasportare e da riporre grazie all'albero divisibile.","og_url":"https:\/\/www.garzianomacchineagricole.it\/en\/prodotto\/motore-kombi-km-94-rce\/","og_site_name":"Garziano Macchine Agricole","article_modified_time":"2026-04-07T15:30:07+00:00","og_image":[{"width":1065,"height":1420,"url":"https:\/\/www.garzianomacchineagricole.it\/wp-content\/uploads\/km-94-1.jpg","type":"image\/jpeg"}],"twitter_card":"summary_large_image","schema":{"@context":"https:\/\/schema.org","@graph":[{"@type":"WebPage","@id":"https:\/\/www.garzianomacchineagricole.it\/prodotto\/motore-kombi-km-94-rce\/","url":"https:\/\/www.garzianomacchineagricole.it\/prodotto\/motore-kombi-km-94-rce\/","name":"MOTORE KOMBI KM 94 RC-E - Garziano Macchine Agricole","isPartOf":{"@id":"https:\/\/www.garzianomacchineagricole.it\/#website"},"primaryImageOfPage":{"@id":"https:\/\/www.garzianomacchineagricole.it\/prodotto\/motore-kombi-km-94-rce\/#primaryimage"},"image":{"@id":"https:\/\/www.garzianomacchineagricole.it\/prodotto\/motore-kombi-km-94-rce\/#primaryimage"},"thumbnailUrl":"https:\/\/www.garzianomacchineagricole.it\/wp-content\/uploads\/km-94-1.jpg","datePublished":"2025-11-07T07:06:12+00:00","dateModified":"2026-04-07T15:30:07+00:00","breadcrumb":{"@id":"https:\/\/www.garzianomacchineagricole.it\/prodotto\/motore-kombi-km-94-rce\/#breadcrumb"},"inLanguage":"en-GB","potentialAction":[{"@type":"ReadAction","target":["https:\/\/www.garzianomacchineagricole.it\/prodotto\/motore-kombi-km-94-rce\/"]}]},{"@type":"ImageObject","inLanguage":"en-GB","@id":"https:\/\/www.garzianomacchineagricole.it\/prodotto\/motore-kombi-km-94-rce\/#primaryimage","url":"https:\/\/www.garzianomacchineagricole.it\/wp-content\/uploads\/km-94-1.jpg","contentUrl":"https:\/\/www.garzianomacchineagricole.it\/wp-content\/uploads\/km-94-1.jpg","width":1065,"height":1420},{"@type":"BreadcrumbList","@id":"https:\/\/www.garzianomacchineagricole.it\/prodotto\/motore-kombi-km-94-rce\/#breadcrumb","itemListElement":[{"@type":"ListItem","position":1,"name":"Home","item":"https:\/\/www.garzianomacchineagricole.it\/"},{"@type":"ListItem","position":2,"name":"Shop","item":"https:\/\/www.garzianomacchineagricole.it\/negozio\/"},{"@type":"ListItem","position":3,"name":"MOTORE KOMBI KM 94 RC-E"}]},{"@type":"WebSite","@id":"https:\/\/www.garzianomacchineagricole.it\/#website","url":"https:\/\/www.garzianomacchineagricole.it\/","name":"Garziano Macchine Agricole","description":"Vendita Assistenza e Ricambi Macchine Agricole","potentialAction":[{"@type":"SearchAction","target":{"@type":"EntryPoint","urlTemplate":"https:\/\/www.garzianomacchineagricole.it\/?s={search_term_string}"},"query-input":{"@type":"PropertyValueSpecification","valueRequired":true,"valueName":"search_term_string"}}],"inLanguage":"en-GB"}]}},"_links":{"self":[{"href":"https:\/\/www.garzianomacchineagricole.it\/en\/wp-json\/wp\/v2\/product\/19670","targetHints":{"allow":["GET"]}}],"collection":[{"href":"https:\/\/www.garzianomacchineagricole.it\/en\/wp-json\/wp\/v2\/product"}],"about":[{"href":"https:\/\/www.garzianomacchineagricole.it\/en\/wp-json\/wp\/v2\/types\/product"}],"replies":[{"embeddable":true,"href":"https:\/\/www.garzianomacchineagricole.it\/en\/wp-json\/wp\/v2\/comments?post=19670"}],"wp:featuredmedia":[{"embeddable":true,"href":"https:\/\/www.garzianomacchineagricole.it\/en\/wp-json\/wp\/v2\/media\/19671"}],"wp:attachment":[{"href":"https:\/\/www.garzianomacchineagricole.it\/en\/wp-json\/wp\/v2\/media?parent=19670"}],"wp:term":[{"taxonomy":"product_brand","embeddable":true,"href":"https:\/\/www.garzianomacchineagricole.it\/en\/wp-json\/wp\/v2\/product_brand?post=19670"},{"taxonomy":"product_cat","embeddable":true,"href":"https:\/\/www.garzianomacchineagricole.it\/en\/wp-json\/wp\/v2\/product_cat?post=19670"},{"taxonomy":"product_tag","embeddable":true,"href":"https:\/\/www.garzianomacchineagricole.it\/en\/wp-json\/wp\/v2\/product_tag?post=19670"}],"curies":[{"name":"wp","href":"https:\/\/api.w.org\/{rel}","templated":true}]}}