{"id":19754,"date":"2025-11-12T08:45:17","date_gmt":"2025-11-12T08:45:17","guid":{"rendered":"https:\/\/www.garzianomacchineagricole.it\/prodotto\/forbica-elettronica-campagnola-nova-40\/"},"modified":"2026-03-24T09:03:13","modified_gmt":"2026-03-24T09:03:13","slug":"forbica-elettronica-campagnola-nova-40","status":"publish","type":"product","link":"https:\/\/www.garzianomacchineagricole.it\/en\/product\/forbica-elettronica-campagnola-nova-40\/","title":{"rendered":"FORBICA ELETTRONICA CAMPAGNOLA NOVA 40"},"content":{"rendered":"<h3 class=\"ql-align-center\">Nova 40<\/h3>\n<p><strong>TAGLIO \u00d8<\/strong><\/p>\n<p>40 mm<\/p>\n<p><strong>VOLTAGGIO NOMINALE<\/strong><\/p>\n<p>21,6 V \/ (25,2 V MAX)<\/p>\n<p><strong>CAPACIT\u00c0<\/strong><\/p>\n<p>2,5 \/ 5 Ah<\/p>\n<p><strong>AUTONOMIA<\/strong><\/p>\n<p>2\/3 h x batteria<\/p>\n<p><strong>TEMPO DI RICARICA<\/strong><\/p>\n<p>2,5 h x batteria<\/p>\n<p><strong>PESO SENZA BATTERIA<\/strong><\/p>\n<p>0,8 kg<\/p>\n<p><strong>PESO CON BATTERIA &#8211; 2,5 AH<\/strong><\/p>\n<p>1,2 kg<\/p>\n<p><strong>PESO CON BATTERIA &#8211; 5 AH<\/strong><\/p>\n<p>1,3 kg<\/p>\n<p>&nbsp;<\/p>","protected":false},"excerpt":{"rendered":"<p>Il kit NOVA comprende:<\/p>\n<ul>\n<li>Forbice (senza batteria)<\/li>\n<li>Zaino<\/li>\n<li>Portachiavi<\/li>\n<li>Pietra per affilatura lame<\/li>\n<li>Kit manutenzione<\/li>\n<\/ul>\n<p><img fetchpriority=\"high\" decoding=\"async\" src=\"https:\/\/www.campagnola.it\/wp-content\/uploads\/2024\/05\/CAMPAGNOLA-NOVA-icona-made-in-italy.png\" width=\"480\" height=\"250\" \/><\/p>\n<h3>Made in Italy<\/h3>\n<p>Progettata, disegnata e prodotta in Italia, NOVA brilla nel panorama delle forbici elettriche da potatura. Il know how italiano si unisce alla tecnologia pi\u00f9 all\u2019avanguardia del settore.<\/p>\n<p><img decoding=\"async\" src=\"https:\/\/www.campagnola.it\/wp-content\/uploads\/2024\/05\/CAMPAGNOLA-NOVA-icona-vantaggio-velocita-1.png\" width=\"480\" height=\"250\" \/><\/p>\n<h3>Efficienza operativa<\/h3>\n<p>NOVA \u00e8 la scelta dei professionisti che vogliono rapidit\u00e0, potenza, precisione ed ergonomia, per risultati perfetti in ogni contesto.<\/p>\n<p><img decoding=\"async\" src=\"https:\/\/www.campagnola.it\/wp-content\/uploads\/2024\/05\/CAMPAGNOLA-NOVA-icona-vantaggio-app-1.png\" width=\"480\" height=\"250\" \/><\/p>\n<h3>App dedicata<\/h3>\n<p>\u00c8 la prima forbice\u00a0<strong>firmata Campagnola<\/strong>\u00a0a dialogare con un\u2019App dedicata e gratuita, dalla quale puoi consultare statistiche e impostare configurazioni ottimali per il tuo attrezzo.<\/p>","protected":false},"featured_media":19755,"comment_status":"closed","ping_status":"closed","template":"","meta":[],"product_brand":[110],"product_cat":[137,199],"product_tag":[],"class_list":{"0":"post-19754","1":"product","2":"type-product","3":"status-publish","4":"has-post-thumbnail","6":"product_brand-campagnola","7":"product_cat-attrezzatura-campagnola","8":"product_cat-forbice-attrezzatura-campagnola","10":"first","11":"instock","12":"taxable","13":"shipping-taxable","14":"purchasable","15":"product-type-simple"},"yoast_head":"<!-- This site is optimized with the Yoast SEO plugin v27.3 - https:\/\/yoast.com\/product\/yoast-seo-wordpress\/ -->\n<title>FORBICA ELETTRONICA CAMPAGNOLA NOVA 40 - Garziano Macchine Agricole<\/title>\n<meta name=\"robots\" content=\"index, follow, max-snippet:-1, max-image-preview:large, max-video-preview:-1\" \/>\n<link rel=\"canonical\" href=\"https:\/\/www.garzianomacchineagricole.it\/en\/prodotto\/forbica-elettronica-campagnola-nova-40\/\" \/>\n<meta property=\"og:locale\" content=\"en_GB\" \/>\n<meta property=\"og:type\" content=\"article\" \/>\n<meta property=\"og:title\" content=\"FORBICA ELETTRONICA CAMPAGNOLA NOVA 40 - Garziano Macchine Agricole\" \/>\n<meta property=\"og:description\" content=\"Il kit NOVA comprende:   Forbice (senza batteria)  Zaino  Portachiavi  Pietra per affilatura lame  Kit manutenzione   Made in Italy Progettata, disegnata e prodotta in Italia, NOVA brilla nel panorama delle forbici elettriche da potatura. Il know how italiano si unisce alla tecnologia pi\u00f9 all\u2019avanguardia del settore.   Efficienza operativa NOVA \u00e8 la scelta dei professionisti che vogliono rapidit\u00e0, potenza, precisione ed ergonomia, per risultati perfetti in ogni contesto.   App dedicata \u00c8 la prima forbice\u00a0firmata Campagnola\u00a0a dialogare con un\u2019App dedicata e gratuita, dalla quale puoi consultare statistiche e impostare configurazioni ottimali per il tuo attrezzo.\" \/>\n<meta property=\"og:url\" content=\"https:\/\/www.garzianomacchineagricole.it\/en\/prodotto\/forbica-elettronica-campagnola-nova-40\/\" \/>\n<meta property=\"og:site_name\" content=\"Garziano Macchine Agricole\" \/>\n<meta property=\"article:modified_time\" content=\"2026-03-24T09:03:13+00:00\" \/>\n<meta property=\"og:image\" content=\"https:\/\/www.garzianomacchineagricole.it\/wp-content\/uploads\/CAMPAGNOLA-nova-40-1-1.jpg\" \/>\n\t<meta property=\"og:image:width\" content=\"800\" \/>\n\t<meta property=\"og:image:height\" content=\"600\" \/>\n\t<meta property=\"og:image:type\" content=\"image\/jpeg\" \/>\n<meta name=\"twitter:card\" content=\"summary_large_image\" \/>\n<meta name=\"twitter:label1\" content=\"Estimated reading time\" \/>\n\t<meta name=\"twitter:data1\" content=\"1 minute\" \/>\n<script type=\"application\/ld+json\" class=\"yoast-schema-graph\">{\"@context\":\"https:\\\/\\\/schema.org\",\"@graph\":[{\"@type\":\"WebPage\",\"@id\":\"https:\\\/\\\/www.garzianomacchineagricole.it\\\/prodotto\\\/forbica-elettronica-campagnola-nova-40\\\/\",\"url\":\"https:\\\/\\\/www.garzianomacchineagricole.it\\\/prodotto\\\/forbica-elettronica-campagnola-nova-40\\\/\",\"name\":\"FORBICA ELETTRONICA CAMPAGNOLA NOVA 40 - Garziano Macchine Agricole\",\"isPartOf\":{\"@id\":\"https:\\\/\\\/www.garzianomacchineagricole.it\\\/#website\"},\"primaryImageOfPage\":{\"@id\":\"https:\\\/\\\/www.garzianomacchineagricole.it\\\/prodotto\\\/forbica-elettronica-campagnola-nova-40\\\/#primaryimage\"},\"image\":{\"@id\":\"https:\\\/\\\/www.garzianomacchineagricole.it\\\/prodotto\\\/forbica-elettronica-campagnola-nova-40\\\/#primaryimage\"},\"thumbnailUrl\":\"https:\\\/\\\/www.garzianomacchineagricole.it\\\/wp-content\\\/uploads\\\/CAMPAGNOLA-nova-40-1-1.jpg\",\"datePublished\":\"2025-11-12T08:45:17+00:00\",\"dateModified\":\"2026-03-24T09:03:13+00:00\",\"breadcrumb\":{\"@id\":\"https:\\\/\\\/www.garzianomacchineagricole.it\\\/prodotto\\\/forbica-elettronica-campagnola-nova-40\\\/#breadcrumb\"},\"inLanguage\":\"en-GB\",\"potentialAction\":[{\"@type\":\"ReadAction\",\"target\":[\"https:\\\/\\\/www.garzianomacchineagricole.it\\\/prodotto\\\/forbica-elettronica-campagnola-nova-40\\\/\"]}]},{\"@type\":\"ImageObject\",\"inLanguage\":\"en-GB\",\"@id\":\"https:\\\/\\\/www.garzianomacchineagricole.it\\\/prodotto\\\/forbica-elettronica-campagnola-nova-40\\\/#primaryimage\",\"url\":\"https:\\\/\\\/www.garzianomacchineagricole.it\\\/wp-content\\\/uploads\\\/CAMPAGNOLA-nova-40-1-1.jpg\",\"contentUrl\":\"https:\\\/\\\/www.garzianomacchineagricole.it\\\/wp-content\\\/uploads\\\/CAMPAGNOLA-nova-40-1-1.jpg\",\"width\":800,\"height\":600},{\"@type\":\"BreadcrumbList\",\"@id\":\"https:\\\/\\\/www.garzianomacchineagricole.it\\\/prodotto\\\/forbica-elettronica-campagnola-nova-40\\\/#breadcrumb\",\"itemListElement\":[{\"@type\":\"ListItem\",\"position\":1,\"name\":\"Home\",\"item\":\"https:\\\/\\\/www.garzianomacchineagricole.it\\\/\"},{\"@type\":\"ListItem\",\"position\":2,\"name\":\"Shop\",\"item\":\"https:\\\/\\\/www.garzianomacchineagricole.it\\\/negozio\\\/\"},{\"@type\":\"ListItem\",\"position\":3,\"name\":\"FORBICA ELETTRONICA CAMPAGNOLA NOVA 40\"}]},{\"@type\":\"WebSite\",\"@id\":\"https:\\\/\\\/www.garzianomacchineagricole.it\\\/#website\",\"url\":\"https:\\\/\\\/www.garzianomacchineagricole.it\\\/\",\"name\":\"Garziano Macchine Agricole\",\"description\":\"Vendita Assistenza e Ricambi Macchine Agricole\",\"potentialAction\":[{\"@type\":\"SearchAction\",\"target\":{\"@type\":\"EntryPoint\",\"urlTemplate\":\"https:\\\/\\\/www.garzianomacchineagricole.it\\\/?s={search_term_string}\"},\"query-input\":{\"@type\":\"PropertyValueSpecification\",\"valueRequired\":true,\"valueName\":\"search_term_string\"}}],\"inLanguage\":\"en-GB\"}]}<\/script>\n<!-- \/ Yoast SEO plugin. -->","yoast_head_json":{"title":"FORBICA ELETTRONICA CAMPAGNOLA NOVA 40 - Garziano Macchine Agricole","robots":{"index":"index","follow":"follow","max-snippet":"max-snippet:-1","max-image-preview":"max-image-preview:large","max-video-preview":"max-video-preview:-1"},"canonical":"https:\/\/www.garzianomacchineagricole.it\/en\/prodotto\/forbica-elettronica-campagnola-nova-40\/","og_locale":"en_GB","og_type":"article","og_title":"FORBICA ELETTRONICA CAMPAGNOLA NOVA 40 - Garziano Macchine Agricole","og_description":"Il kit NOVA comprende:   Forbice (senza batteria)  Zaino  Portachiavi  Pietra per affilatura lame  Kit manutenzione   Made in Italy Progettata, disegnata e prodotta in Italia, NOVA brilla nel panorama delle forbici elettriche da potatura. Il know how italiano si unisce alla tecnologia pi\u00f9 all\u2019avanguardia del settore.   Efficienza operativa NOVA \u00e8 la scelta dei professionisti che vogliono rapidit\u00e0, potenza, precisione ed ergonomia, per risultati perfetti in ogni contesto.   App dedicata \u00c8 la prima forbice\u00a0firmata Campagnola\u00a0a dialogare con un\u2019App dedicata e gratuita, dalla quale puoi consultare statistiche e impostare configurazioni ottimali per il tuo attrezzo.","og_url":"https:\/\/www.garzianomacchineagricole.it\/en\/prodotto\/forbica-elettronica-campagnola-nova-40\/","og_site_name":"Garziano Macchine Agricole","article_modified_time":"2026-03-24T09:03:13+00:00","og_image":[{"width":800,"height":600,"url":"https:\/\/www.garzianomacchineagricole.it\/wp-content\/uploads\/CAMPAGNOLA-nova-40-1-1.jpg","type":"image\/jpeg"}],"twitter_card":"summary_large_image","twitter_misc":{"Estimated reading time":"1 minute"},"schema":{"@context":"https:\/\/schema.org","@graph":[{"@type":"WebPage","@id":"https:\/\/www.garzianomacchineagricole.it\/prodotto\/forbica-elettronica-campagnola-nova-40\/","url":"https:\/\/www.garzianomacchineagricole.it\/prodotto\/forbica-elettronica-campagnola-nova-40\/","name":"FORBICA ELETTRONICA CAMPAGNOLA NOVA 40 - Garziano Macchine Agricole","isPartOf":{"@id":"https:\/\/www.garzianomacchineagricole.it\/#website"},"primaryImageOfPage":{"@id":"https:\/\/www.garzianomacchineagricole.it\/prodotto\/forbica-elettronica-campagnola-nova-40\/#primaryimage"},"image":{"@id":"https:\/\/www.garzianomacchineagricole.it\/prodotto\/forbica-elettronica-campagnola-nova-40\/#primaryimage"},"thumbnailUrl":"https:\/\/www.garzianomacchineagricole.it\/wp-content\/uploads\/CAMPAGNOLA-nova-40-1-1.jpg","datePublished":"2025-11-12T08:45:17+00:00","dateModified":"2026-03-24T09:03:13+00:00","breadcrumb":{"@id":"https:\/\/www.garzianomacchineagricole.it\/prodotto\/forbica-elettronica-campagnola-nova-40\/#breadcrumb"},"inLanguage":"en-GB","potentialAction":[{"@type":"ReadAction","target":["https:\/\/www.garzianomacchineagricole.it\/prodotto\/forbica-elettronica-campagnola-nova-40\/"]}]},{"@type":"ImageObject","inLanguage":"en-GB","@id":"https:\/\/www.garzianomacchineagricole.it\/prodotto\/forbica-elettronica-campagnola-nova-40\/#primaryimage","url":"https:\/\/www.garzianomacchineagricole.it\/wp-content\/uploads\/CAMPAGNOLA-nova-40-1-1.jpg","contentUrl":"https:\/\/www.garzianomacchineagricole.it\/wp-content\/uploads\/CAMPAGNOLA-nova-40-1-1.jpg","width":800,"height":600},{"@type":"BreadcrumbList","@id":"https:\/\/www.garzianomacchineagricole.it\/prodotto\/forbica-elettronica-campagnola-nova-40\/#breadcrumb","itemListElement":[{"@type":"ListItem","position":1,"name":"Home","item":"https:\/\/www.garzianomacchineagricole.it\/"},{"@type":"ListItem","position":2,"name":"Shop","item":"https:\/\/www.garzianomacchineagricole.it\/negozio\/"},{"@type":"ListItem","position":3,"name":"FORBICA ELETTRONICA CAMPAGNOLA NOVA 40"}]},{"@type":"WebSite","@id":"https:\/\/www.garzianomacchineagricole.it\/#website","url":"https:\/\/www.garzianomacchineagricole.it\/","name":"Garziano Macchine Agricole","description":"Vendita Assistenza e Ricambi Macchine Agricole","potentialAction":[{"@type":"SearchAction","target":{"@type":"EntryPoint","urlTemplate":"https:\/\/www.garzianomacchineagricole.it\/?s={search_term_string}"},"query-input":{"@type":"PropertyValueSpecification","valueRequired":true,"valueName":"search_term_string"}}],"inLanguage":"en-GB"}]}},"_links":{"self":[{"href":"https:\/\/www.garzianomacchineagricole.it\/en\/wp-json\/wp\/v2\/product\/19754","targetHints":{"allow":["GET"]}}],"collection":[{"href":"https:\/\/www.garzianomacchineagricole.it\/en\/wp-json\/wp\/v2\/product"}],"about":[{"href":"https:\/\/www.garzianomacchineagricole.it\/en\/wp-json\/wp\/v2\/types\/product"}],"replies":[{"embeddable":true,"href":"https:\/\/www.garzianomacchineagricole.it\/en\/wp-json\/wp\/v2\/comments?post=19754"}],"wp:featuredmedia":[{"embeddable":true,"href":"https:\/\/www.garzianomacchineagricole.it\/en\/wp-json\/wp\/v2\/media\/19755"}],"wp:attachment":[{"href":"https:\/\/www.garzianomacchineagricole.it\/en\/wp-json\/wp\/v2\/media?parent=19754"}],"wp:term":[{"taxonomy":"product_brand","embeddable":true,"href":"https:\/\/www.garzianomacchineagricole.it\/en\/wp-json\/wp\/v2\/product_brand?post=19754"},{"taxonomy":"product_cat","embeddable":true,"href":"https:\/\/www.garzianomacchineagricole.it\/en\/wp-json\/wp\/v2\/product_cat?post=19754"},{"taxonomy":"product_tag","embeddable":true,"href":"https:\/\/www.garzianomacchineagricole.it\/en\/wp-json\/wp\/v2\/product_tag?post=19754"}],"curies":[{"name":"wp","href":"https:\/\/api.w.org\/{rel}","templated":true}]}}