{"id":19939,"date":"2025-12-06T09:36:19","date_gmt":"2025-12-06T09:36:19","guid":{"rendered":"https:\/\/www.garzianomacchineagricole.it\/prodotto\/decespugliatore-a-scoppio-fs-94-rce-24-cc-leggero\/"},"modified":"2026-03-24T09:02:17","modified_gmt":"2026-03-24T09:02:17","slug":"decespugliatore-a-scoppio-fs-94-rce-24-cc-leggero","status":"publish","type":"product","link":"https:\/\/www.garzianomacchineagricole.it\/en\/product\/decespugliatore-a-scoppio-fs-94-rce-24-cc-leggero\/","title":{"rendered":"DECESPUGLIATORE A SCOPPIO FS 94 RC E"},"content":{"rendered":"<\/p>","protected":false},"excerpt":{"rendered":"<h2>Decespugliatore confortevole con impugnatura ECOSPEED<\/h2>\n<p>Il decespugliatore STIHL FS 94 RC-E offre ai professionisti della cura del verde e del paesaggio un supporto efficiente per il taglio in spazi ristretti grazie alla pratica impugnatura circolare.<\/p>\n<p><\/p>\n<p>Con il potente&nbsp;<a href=\"http:\/\/https\/\/www.stihl.it\/it\/tecnologia-stihl\/motori-stihl\/motore-2-mix\" rel=\"noopener noreferrer\" target=\"_blank\" style=\"color: inherit\"><strong>motore STIHL 2-MIX<\/strong><\/a>&nbsp;del decespugliatore STIHL FS 94 RC-E, puoi ottenere un&#8217;elevata capacit\u00e0 di taglio con un consumo ridotto. Grazie al grande serbatoio del carburante, puoi tagliare efficacemente anche grandi superfici durante i lavori professionali. L&#8217;avviamento \u00e8 particolarmente facile grazie al&nbsp;<a href=\"https:\/\/www.stihl.it\/it\/tecnologia-stihl\/sistemi-di-avviamento\/ergostart\" rel=\"noopener noreferrer\" target=\"_blank\" style=\"color: inherit\"><strong>sistema STIHL ErgoStart<\/strong><\/a>. Inoltre, la funzione parziale STIHL ECOSPEED \u00e8 particolarmente vantaggiosa: puoi regolare la velocit\u00e0 in modo continuo direttamente dall&#8217;impugnatura di comando e risparmiare carburante a seconda della situazione. Inoltre, il dispositivo ha una minore tendenza a scagliare&nbsp;detriti quando \u00e8 in modalit\u00e0 parziale.<\/p>","protected":false},"featured_media":19940,"comment_status":"closed","ping_status":"closed","template":"","meta":[],"product_brand":[107],"product_cat":[125,124],"product_tag":[131],"class_list":{"0":"post-19939","1":"product","2":"type-product","3":"status-publish","4":"has-post-thumbnail","6":"product_brand-stihl","7":"product_cat-decespugliatore","8":"product_cat-attrezzatura-stihl","9":"product_tag-decespugliatore-stihl","11":"first","12":"instock","13":"taxable","14":"shipping-taxable","15":"purchasable","16":"product-type-simple"},"yoast_head":"<!-- This site is optimized with the Yoast SEO plugin v27.3 - https:\/\/yoast.com\/product\/yoast-seo-wordpress\/ -->\n<title>DECESPUGLIATORE A SCOPPIO FS 94 RC E - Garziano Macchine Agricole<\/title>\n<meta name=\"robots\" content=\"index, follow, max-snippet:-1, max-image-preview:large, max-video-preview:-1\" \/>\n<link rel=\"canonical\" href=\"https:\/\/www.garzianomacchineagricole.it\/en\/prodotto\/decespugliatore-a-scoppio-fs-94-rce-24-cc-leggero\/\" \/>\n<meta property=\"og:locale\" content=\"en_GB\" \/>\n<meta property=\"og:type\" content=\"article\" \/>\n<meta property=\"og:title\" content=\"DECESPUGLIATORE A SCOPPIO FS 94 RC E - Garziano Macchine Agricole\" \/>\n<meta property=\"og:description\" content=\"Decespugliatore confortevole con impugnatura ECOSPEEDIl decespugliatore STIHL FS 94 RC-E offre ai professionisti della cura del verde e del paesaggio un supporto efficiente per il taglio in spazi ristretti grazie alla pratica impugnatura circolare.Con il potente&nbsp;motore STIHL 2-MIX&nbsp;del decespugliatore STIHL FS 94 RC-E, puoi ottenere un&#039;elevata capacit\u00e0 di taglio con un consumo ridotto. Grazie al grande serbatoio del carburante, puoi tagliare efficacemente anche grandi superfici durante i lavori professionali. L&#039;avviamento \u00e8 particolarmente facile grazie al&nbsp;sistema STIHL ErgoStart. Inoltre, la funzione parziale STIHL ECOSPEED \u00e8 particolarmente vantaggiosa: puoi regolare la velocit\u00e0 in modo continuo direttamente dall&#039;impugnatura di comando e risparmiare carburante a seconda della situazione. Inoltre, il dispositivo ha una minore tendenza a scagliare&nbsp;detriti quando \u00e8 in modalit\u00e0 parziale.\" \/>\n<meta property=\"og:url\" content=\"https:\/\/www.garzianomacchineagricole.it\/en\/prodotto\/decespugliatore-a-scoppio-fs-94-rce-24-cc-leggero\/\" \/>\n<meta property=\"og:site_name\" content=\"Garziano Macchine Agricole\" \/>\n<meta property=\"article:modified_time\" content=\"2026-03-24T09:02:17+00:00\" \/>\n<meta property=\"og:image\" content=\"https:\/\/www.garzianomacchineagricole.it\/wp-content\/uploads\/DECESPUGLIATORE-A-SCOPPIO-FS-94-RC-E.jpg\" \/>\n\t<meta property=\"og:image:width\" content=\"1065\" \/>\n\t<meta property=\"og:image:height\" content=\"1598\" \/>\n\t<meta property=\"og:image:type\" content=\"image\/jpeg\" \/>\n<meta name=\"twitter:card\" content=\"summary_large_image\" \/>\n<script type=\"application\/ld+json\" class=\"yoast-schema-graph\">{\"@context\":\"https:\\\/\\\/schema.org\",\"@graph\":[{\"@type\":\"WebPage\",\"@id\":\"https:\\\/\\\/www.garzianomacchineagricole.it\\\/prodotto\\\/decespugliatore-a-scoppio-fs-94-rce-24-cc-leggero\\\/\",\"url\":\"https:\\\/\\\/www.garzianomacchineagricole.it\\\/prodotto\\\/decespugliatore-a-scoppio-fs-94-rce-24-cc-leggero\\\/\",\"name\":\"DECESPUGLIATORE A SCOPPIO FS 94 RC E - Garziano Macchine Agricole\",\"isPartOf\":{\"@id\":\"https:\\\/\\\/www.garzianomacchineagricole.it\\\/#website\"},\"primaryImageOfPage\":{\"@id\":\"https:\\\/\\\/www.garzianomacchineagricole.it\\\/prodotto\\\/decespugliatore-a-scoppio-fs-94-rce-24-cc-leggero\\\/#primaryimage\"},\"image\":{\"@id\":\"https:\\\/\\\/www.garzianomacchineagricole.it\\\/prodotto\\\/decespugliatore-a-scoppio-fs-94-rce-24-cc-leggero\\\/#primaryimage\"},\"thumbnailUrl\":\"https:\\\/\\\/www.garzianomacchineagricole.it\\\/wp-content\\\/uploads\\\/DECESPUGLIATORE-A-SCOPPIO-FS-94-RC-E.jpg\",\"datePublished\":\"2025-12-06T09:36:19+00:00\",\"dateModified\":\"2026-03-24T09:02:17+00:00\",\"breadcrumb\":{\"@id\":\"https:\\\/\\\/www.garzianomacchineagricole.it\\\/prodotto\\\/decespugliatore-a-scoppio-fs-94-rce-24-cc-leggero\\\/#breadcrumb\"},\"inLanguage\":\"en-GB\",\"potentialAction\":[{\"@type\":\"ReadAction\",\"target\":[\"https:\\\/\\\/www.garzianomacchineagricole.it\\\/prodotto\\\/decespugliatore-a-scoppio-fs-94-rce-24-cc-leggero\\\/\"]}]},{\"@type\":\"ImageObject\",\"inLanguage\":\"en-GB\",\"@id\":\"https:\\\/\\\/www.garzianomacchineagricole.it\\\/prodotto\\\/decespugliatore-a-scoppio-fs-94-rce-24-cc-leggero\\\/#primaryimage\",\"url\":\"https:\\\/\\\/www.garzianomacchineagricole.it\\\/wp-content\\\/uploads\\\/DECESPUGLIATORE-A-SCOPPIO-FS-94-RC-E.jpg\",\"contentUrl\":\"https:\\\/\\\/www.garzianomacchineagricole.it\\\/wp-content\\\/uploads\\\/DECESPUGLIATORE-A-SCOPPIO-FS-94-RC-E.jpg\",\"width\":1065,\"height\":1598},{\"@type\":\"BreadcrumbList\",\"@id\":\"https:\\\/\\\/www.garzianomacchineagricole.it\\\/prodotto\\\/decespugliatore-a-scoppio-fs-94-rce-24-cc-leggero\\\/#breadcrumb\",\"itemListElement\":[{\"@type\":\"ListItem\",\"position\":1,\"name\":\"Home\",\"item\":\"https:\\\/\\\/www.garzianomacchineagricole.it\\\/\"},{\"@type\":\"ListItem\",\"position\":2,\"name\":\"Shop\",\"item\":\"https:\\\/\\\/www.garzianomacchineagricole.it\\\/negozio\\\/\"},{\"@type\":\"ListItem\",\"position\":3,\"name\":\"DECESPUGLIATORE A SCOPPIO FS 94 RC E\"}]},{\"@type\":\"WebSite\",\"@id\":\"https:\\\/\\\/www.garzianomacchineagricole.it\\\/#website\",\"url\":\"https:\\\/\\\/www.garzianomacchineagricole.it\\\/\",\"name\":\"Garziano Macchine Agricole\",\"description\":\"Vendita Assistenza e Ricambi Macchine Agricole\",\"potentialAction\":[{\"@type\":\"SearchAction\",\"target\":{\"@type\":\"EntryPoint\",\"urlTemplate\":\"https:\\\/\\\/www.garzianomacchineagricole.it\\\/?s={search_term_string}\"},\"query-input\":{\"@type\":\"PropertyValueSpecification\",\"valueRequired\":true,\"valueName\":\"search_term_string\"}}],\"inLanguage\":\"en-GB\"}]}<\/script>\n<!-- \/ Yoast SEO plugin. -->","yoast_head_json":{"title":"DECESPUGLIATORE A SCOPPIO FS 94 RC E - Garziano Macchine Agricole","robots":{"index":"index","follow":"follow","max-snippet":"max-snippet:-1","max-image-preview":"max-image-preview:large","max-video-preview":"max-video-preview:-1"},"canonical":"https:\/\/www.garzianomacchineagricole.it\/en\/prodotto\/decespugliatore-a-scoppio-fs-94-rce-24-cc-leggero\/","og_locale":"en_GB","og_type":"article","og_title":"DECESPUGLIATORE A SCOPPIO FS 94 RC E - Garziano Macchine Agricole","og_description":"Decespugliatore confortevole con impugnatura ECOSPEEDIl decespugliatore STIHL FS 94 RC-E offre ai professionisti della cura del verde e del paesaggio un supporto efficiente per il taglio in spazi ristretti grazie alla pratica impugnatura circolare.Con il potente&nbsp;motore STIHL 2-MIX&nbsp;del decespugliatore STIHL FS 94 RC-E, puoi ottenere un'elevata capacit\u00e0 di taglio con un consumo ridotto. Grazie al grande serbatoio del carburante, puoi tagliare efficacemente anche grandi superfici durante i lavori professionali. L'avviamento \u00e8 particolarmente facile grazie al&nbsp;sistema STIHL ErgoStart. Inoltre, la funzione parziale STIHL ECOSPEED \u00e8 particolarmente vantaggiosa: puoi regolare la velocit\u00e0 in modo continuo direttamente dall'impugnatura di comando e risparmiare carburante a seconda della situazione. Inoltre, il dispositivo ha una minore tendenza a scagliare&nbsp;detriti quando \u00e8 in modalit\u00e0 parziale.","og_url":"https:\/\/www.garzianomacchineagricole.it\/en\/prodotto\/decespugliatore-a-scoppio-fs-94-rce-24-cc-leggero\/","og_site_name":"Garziano Macchine Agricole","article_modified_time":"2026-03-24T09:02:17+00:00","og_image":[{"width":1065,"height":1598,"url":"https:\/\/www.garzianomacchineagricole.it\/wp-content\/uploads\/DECESPUGLIATORE-A-SCOPPIO-FS-94-RC-E.jpg","type":"image\/jpeg"}],"twitter_card":"summary_large_image","schema":{"@context":"https:\/\/schema.org","@graph":[{"@type":"WebPage","@id":"https:\/\/www.garzianomacchineagricole.it\/prodotto\/decespugliatore-a-scoppio-fs-94-rce-24-cc-leggero\/","url":"https:\/\/www.garzianomacchineagricole.it\/prodotto\/decespugliatore-a-scoppio-fs-94-rce-24-cc-leggero\/","name":"DECESPUGLIATORE A SCOPPIO FS 94 RC E - Garziano Macchine Agricole","isPartOf":{"@id":"https:\/\/www.garzianomacchineagricole.it\/#website"},"primaryImageOfPage":{"@id":"https:\/\/www.garzianomacchineagricole.it\/prodotto\/decespugliatore-a-scoppio-fs-94-rce-24-cc-leggero\/#primaryimage"},"image":{"@id":"https:\/\/www.garzianomacchineagricole.it\/prodotto\/decespugliatore-a-scoppio-fs-94-rce-24-cc-leggero\/#primaryimage"},"thumbnailUrl":"https:\/\/www.garzianomacchineagricole.it\/wp-content\/uploads\/DECESPUGLIATORE-A-SCOPPIO-FS-94-RC-E.jpg","datePublished":"2025-12-06T09:36:19+00:00","dateModified":"2026-03-24T09:02:17+00:00","breadcrumb":{"@id":"https:\/\/www.garzianomacchineagricole.it\/prodotto\/decespugliatore-a-scoppio-fs-94-rce-24-cc-leggero\/#breadcrumb"},"inLanguage":"en-GB","potentialAction":[{"@type":"ReadAction","target":["https:\/\/www.garzianomacchineagricole.it\/prodotto\/decespugliatore-a-scoppio-fs-94-rce-24-cc-leggero\/"]}]},{"@type":"ImageObject","inLanguage":"en-GB","@id":"https:\/\/www.garzianomacchineagricole.it\/prodotto\/decespugliatore-a-scoppio-fs-94-rce-24-cc-leggero\/#primaryimage","url":"https:\/\/www.garzianomacchineagricole.it\/wp-content\/uploads\/DECESPUGLIATORE-A-SCOPPIO-FS-94-RC-E.jpg","contentUrl":"https:\/\/www.garzianomacchineagricole.it\/wp-content\/uploads\/DECESPUGLIATORE-A-SCOPPIO-FS-94-RC-E.jpg","width":1065,"height":1598},{"@type":"BreadcrumbList","@id":"https:\/\/www.garzianomacchineagricole.it\/prodotto\/decespugliatore-a-scoppio-fs-94-rce-24-cc-leggero\/#breadcrumb","itemListElement":[{"@type":"ListItem","position":1,"name":"Home","item":"https:\/\/www.garzianomacchineagricole.it\/"},{"@type":"ListItem","position":2,"name":"Shop","item":"https:\/\/www.garzianomacchineagricole.it\/negozio\/"},{"@type":"ListItem","position":3,"name":"DECESPUGLIATORE A SCOPPIO FS 94 RC E"}]},{"@type":"WebSite","@id":"https:\/\/www.garzianomacchineagricole.it\/#website","url":"https:\/\/www.garzianomacchineagricole.it\/","name":"Garziano Macchine Agricole","description":"Vendita Assistenza e Ricambi Macchine Agricole","potentialAction":[{"@type":"SearchAction","target":{"@type":"EntryPoint","urlTemplate":"https:\/\/www.garzianomacchineagricole.it\/?s={search_term_string}"},"query-input":{"@type":"PropertyValueSpecification","valueRequired":true,"valueName":"search_term_string"}}],"inLanguage":"en-GB"}]}},"_links":{"self":[{"href":"https:\/\/www.garzianomacchineagricole.it\/en\/wp-json\/wp\/v2\/product\/19939","targetHints":{"allow":["GET"]}}],"collection":[{"href":"https:\/\/www.garzianomacchineagricole.it\/en\/wp-json\/wp\/v2\/product"}],"about":[{"href":"https:\/\/www.garzianomacchineagricole.it\/en\/wp-json\/wp\/v2\/types\/product"}],"replies":[{"embeddable":true,"href":"https:\/\/www.garzianomacchineagricole.it\/en\/wp-json\/wp\/v2\/comments?post=19939"}],"wp:featuredmedia":[{"embeddable":true,"href":"https:\/\/www.garzianomacchineagricole.it\/en\/wp-json\/wp\/v2\/media\/19940"}],"wp:attachment":[{"href":"https:\/\/www.garzianomacchineagricole.it\/en\/wp-json\/wp\/v2\/media?parent=19939"}],"wp:term":[{"taxonomy":"product_brand","embeddable":true,"href":"https:\/\/www.garzianomacchineagricole.it\/en\/wp-json\/wp\/v2\/product_brand?post=19939"},{"taxonomy":"product_cat","embeddable":true,"href":"https:\/\/www.garzianomacchineagricole.it\/en\/wp-json\/wp\/v2\/product_cat?post=19939"},{"taxonomy":"product_tag","embeddable":true,"href":"https:\/\/www.garzianomacchineagricole.it\/en\/wp-json\/wp\/v2\/product_tag?post=19939"}],"curies":[{"name":"wp","href":"https:\/\/api.w.org\/{rel}","templated":true}]}}