{"id":19974,"date":"2025-12-09T10:47:11","date_gmt":"2025-12-09T10:47:11","guid":{"rendered":"https:\/\/www.garzianomacchineagricole.it\/prodotto\/atomizzatore-sr-430\/"},"modified":"2026-03-24T09:02:15","modified_gmt":"2026-03-24T09:02:15","slug":"atomizzatore-sr-430","status":"publish","type":"product","link":"https:\/\/www.garzianomacchineagricole.it\/en\/product\/atomizzatore-sr-430\/","title":{"rendered":"ATOMIZZATORE SR 430"},"content":{"rendered":"<h2>Caratteristiche di dotazione<\/h2>\n<p>FACILE DA USARE. Grazie all&#8217;impugnatura multifunzione, \u00e8 possibile manovrare l&#8217;attrezzo in modo semplice e affidabile utilizzando una sola mano. Poich\u00e9 tutti i comandi sono integrati, l&#8217;impugnatura \u00e8 adatta sia ai destrorsi che ai mancini.<\/p>\n<p>LAVORO CONFORTEVOLE. Grazie alla diatribuzione ottimizzata del peso, il pratico sistema di trasporto permette di lavorare senza affaticarsi e in modo confortevole anche in caso di utilizzo prolungato. L&#8217;imbottitura traspirante dello schienale garantisce un elevato comfort.<\/p>\n<p>Il serbatoio da 14 litri \u00e8 molto capiente. Potete lavorare a lungo senza doverlo di nuovo riempire. La grande apertura permette un rifornimento veloce e pulito. Le perdite di liquido versato sono limitate e il serbatoio si pu\u00f2 pulire facilmente.<\/p>\n<p>PARTICOLARMENTE EFFICIENTE DAL PUNTO DI VISTA ENERGETICO. Grazie al motore STIHL 2-Mix \u00e8 possibile ridurre non solo l&#8217;inquinamento da gas di scarico, ma anche i consumi e i conseguenti costi di esercizio. Questo motore a 2 tempi richiede poca manutenzione e utilizza il carburante in modo efficiente anche a prestazioni elevate. Il carburante \u00e8 costituito da una miscela di benzina e olio motore. Il motore STIHL 2-Mix \u00e8 conforme alla rigorosa direttiva europea sulle emissioni Stage V.<\/p>","protected":false},"excerpt":{"rendered":"<\/p>","protected":false},"featured_media":19975,"comment_status":"closed","ping_status":"closed","template":"","meta":[],"product_brand":[107],"product_cat":[134,124],"product_tag":[135],"class_list":{"0":"post-19974","1":"product","2":"type-product","3":"status-publish","4":"has-post-thumbnail","6":"product_brand-stihl","7":"product_cat-atomizzatore","8":"product_cat-attrezzatura-stihl","9":"product_tag-atomizzatore-stihl","11":"first","12":"outofstock","13":"taxable","14":"shipping-taxable","15":"purchasable","16":"product-type-simple"},"yoast_head":"<!-- This site is optimized with the Yoast SEO plugin v27.3 - https:\/\/yoast.com\/product\/yoast-seo-wordpress\/ -->\n<title>ATOMIZZATORE SR 430 - Garziano Macchine Agricole<\/title>\n<meta name=\"robots\" content=\"index, follow, max-snippet:-1, max-image-preview:large, max-video-preview:-1\" \/>\n<link rel=\"canonical\" href=\"https:\/\/www.garzianomacchineagricole.it\/en\/prodotto\/atomizzatore-sr-430\/\" \/>\n<meta property=\"og:locale\" content=\"en_GB\" \/>\n<meta property=\"og:type\" content=\"article\" \/>\n<meta property=\"og:title\" content=\"ATOMIZZATORE SR 430 - Garziano Macchine Agricole\" \/>\n<meta property=\"og:url\" content=\"https:\/\/www.garzianomacchineagricole.it\/en\/prodotto\/atomizzatore-sr-430\/\" \/>\n<meta property=\"og:site_name\" content=\"Garziano Macchine Agricole\" \/>\n<meta property=\"article:modified_time\" content=\"2026-03-24T09:02:15+00:00\" \/>\n<meta property=\"og:image\" content=\"https:\/\/www.garzianomacchineagricole.it\/wp-content\/uploads\/sr-430.jpg\" \/>\n\t<meta property=\"og:image:width\" content=\"1420\" \/>\n\t<meta property=\"og:image:height\" content=\"943\" \/>\n\t<meta property=\"og:image:type\" content=\"image\/jpeg\" \/>\n<meta name=\"twitter:card\" content=\"summary_large_image\" \/>\n<meta name=\"twitter:label1\" content=\"Estimated reading time\" \/>\n\t<meta name=\"twitter:data1\" content=\"1 minute\" \/>\n<script type=\"application\/ld+json\" class=\"yoast-schema-graph\">{\"@context\":\"https:\\\/\\\/schema.org\",\"@graph\":[{\"@type\":\"WebPage\",\"@id\":\"https:\\\/\\\/www.garzianomacchineagricole.it\\\/prodotto\\\/atomizzatore-sr-430\\\/\",\"url\":\"https:\\\/\\\/www.garzianomacchineagricole.it\\\/prodotto\\\/atomizzatore-sr-430\\\/\",\"name\":\"ATOMIZZATORE SR 430 - Garziano Macchine Agricole\",\"isPartOf\":{\"@id\":\"https:\\\/\\\/www.garzianomacchineagricole.it\\\/#website\"},\"primaryImageOfPage\":{\"@id\":\"https:\\\/\\\/www.garzianomacchineagricole.it\\\/prodotto\\\/atomizzatore-sr-430\\\/#primaryimage\"},\"image\":{\"@id\":\"https:\\\/\\\/www.garzianomacchineagricole.it\\\/prodotto\\\/atomizzatore-sr-430\\\/#primaryimage\"},\"thumbnailUrl\":\"https:\\\/\\\/www.garzianomacchineagricole.it\\\/wp-content\\\/uploads\\\/sr-430.jpg\",\"datePublished\":\"2025-12-09T10:47:11+00:00\",\"dateModified\":\"2026-03-24T09:02:15+00:00\",\"breadcrumb\":{\"@id\":\"https:\\\/\\\/www.garzianomacchineagricole.it\\\/prodotto\\\/atomizzatore-sr-430\\\/#breadcrumb\"},\"inLanguage\":\"en-GB\",\"potentialAction\":[{\"@type\":\"ReadAction\",\"target\":[\"https:\\\/\\\/www.garzianomacchineagricole.it\\\/prodotto\\\/atomizzatore-sr-430\\\/\"]}]},{\"@type\":\"ImageObject\",\"inLanguage\":\"en-GB\",\"@id\":\"https:\\\/\\\/www.garzianomacchineagricole.it\\\/prodotto\\\/atomizzatore-sr-430\\\/#primaryimage\",\"url\":\"https:\\\/\\\/www.garzianomacchineagricole.it\\\/wp-content\\\/uploads\\\/sr-430.jpg\",\"contentUrl\":\"https:\\\/\\\/www.garzianomacchineagricole.it\\\/wp-content\\\/uploads\\\/sr-430.jpg\",\"width\":1420,\"height\":943},{\"@type\":\"BreadcrumbList\",\"@id\":\"https:\\\/\\\/www.garzianomacchineagricole.it\\\/prodotto\\\/atomizzatore-sr-430\\\/#breadcrumb\",\"itemListElement\":[{\"@type\":\"ListItem\",\"position\":1,\"name\":\"Home\",\"item\":\"https:\\\/\\\/www.garzianomacchineagricole.it\\\/\"},{\"@type\":\"ListItem\",\"position\":2,\"name\":\"Shop\",\"item\":\"https:\\\/\\\/www.garzianomacchineagricole.it\\\/negozio\\\/\"},{\"@type\":\"ListItem\",\"position\":3,\"name\":\"ATOMIZZATORE SR 430\"}]},{\"@type\":\"WebSite\",\"@id\":\"https:\\\/\\\/www.garzianomacchineagricole.it\\\/#website\",\"url\":\"https:\\\/\\\/www.garzianomacchineagricole.it\\\/\",\"name\":\"Garziano Macchine Agricole\",\"description\":\"Vendita Assistenza e Ricambi Macchine Agricole\",\"potentialAction\":[{\"@type\":\"SearchAction\",\"target\":{\"@type\":\"EntryPoint\",\"urlTemplate\":\"https:\\\/\\\/www.garzianomacchineagricole.it\\\/?s={search_term_string}\"},\"query-input\":{\"@type\":\"PropertyValueSpecification\",\"valueRequired\":true,\"valueName\":\"search_term_string\"}}],\"inLanguage\":\"en-GB\"}]}<\/script>\n<!-- \/ Yoast SEO plugin. -->","yoast_head_json":{"title":"ATOMIZZATORE SR 430 - Garziano Macchine Agricole","robots":{"index":"index","follow":"follow","max-snippet":"max-snippet:-1","max-image-preview":"max-image-preview:large","max-video-preview":"max-video-preview:-1"},"canonical":"https:\/\/www.garzianomacchineagricole.it\/en\/prodotto\/atomizzatore-sr-430\/","og_locale":"en_GB","og_type":"article","og_title":"ATOMIZZATORE SR 430 - Garziano Macchine Agricole","og_url":"https:\/\/www.garzianomacchineagricole.it\/en\/prodotto\/atomizzatore-sr-430\/","og_site_name":"Garziano Macchine Agricole","article_modified_time":"2026-03-24T09:02:15+00:00","og_image":[{"width":1420,"height":943,"url":"https:\/\/www.garzianomacchineagricole.it\/wp-content\/uploads\/sr-430.jpg","type":"image\/jpeg"}],"twitter_card":"summary_large_image","twitter_misc":{"Estimated reading time":"1 minute"},"schema":{"@context":"https:\/\/schema.org","@graph":[{"@type":"WebPage","@id":"https:\/\/www.garzianomacchineagricole.it\/prodotto\/atomizzatore-sr-430\/","url":"https:\/\/www.garzianomacchineagricole.it\/prodotto\/atomizzatore-sr-430\/","name":"ATOMIZZATORE SR 430 - Garziano Macchine Agricole","isPartOf":{"@id":"https:\/\/www.garzianomacchineagricole.it\/#website"},"primaryImageOfPage":{"@id":"https:\/\/www.garzianomacchineagricole.it\/prodotto\/atomizzatore-sr-430\/#primaryimage"},"image":{"@id":"https:\/\/www.garzianomacchineagricole.it\/prodotto\/atomizzatore-sr-430\/#primaryimage"},"thumbnailUrl":"https:\/\/www.garzianomacchineagricole.it\/wp-content\/uploads\/sr-430.jpg","datePublished":"2025-12-09T10:47:11+00:00","dateModified":"2026-03-24T09:02:15+00:00","breadcrumb":{"@id":"https:\/\/www.garzianomacchineagricole.it\/prodotto\/atomizzatore-sr-430\/#breadcrumb"},"inLanguage":"en-GB","potentialAction":[{"@type":"ReadAction","target":["https:\/\/www.garzianomacchineagricole.it\/prodotto\/atomizzatore-sr-430\/"]}]},{"@type":"ImageObject","inLanguage":"en-GB","@id":"https:\/\/www.garzianomacchineagricole.it\/prodotto\/atomizzatore-sr-430\/#primaryimage","url":"https:\/\/www.garzianomacchineagricole.it\/wp-content\/uploads\/sr-430.jpg","contentUrl":"https:\/\/www.garzianomacchineagricole.it\/wp-content\/uploads\/sr-430.jpg","width":1420,"height":943},{"@type":"BreadcrumbList","@id":"https:\/\/www.garzianomacchineagricole.it\/prodotto\/atomizzatore-sr-430\/#breadcrumb","itemListElement":[{"@type":"ListItem","position":1,"name":"Home","item":"https:\/\/www.garzianomacchineagricole.it\/"},{"@type":"ListItem","position":2,"name":"Shop","item":"https:\/\/www.garzianomacchineagricole.it\/negozio\/"},{"@type":"ListItem","position":3,"name":"ATOMIZZATORE SR 430"}]},{"@type":"WebSite","@id":"https:\/\/www.garzianomacchineagricole.it\/#website","url":"https:\/\/www.garzianomacchineagricole.it\/","name":"Garziano Macchine Agricole","description":"Vendita Assistenza e Ricambi Macchine Agricole","potentialAction":[{"@type":"SearchAction","target":{"@type":"EntryPoint","urlTemplate":"https:\/\/www.garzianomacchineagricole.it\/?s={search_term_string}"},"query-input":{"@type":"PropertyValueSpecification","valueRequired":true,"valueName":"search_term_string"}}],"inLanguage":"en-GB"}]}},"_links":{"self":[{"href":"https:\/\/www.garzianomacchineagricole.it\/en\/wp-json\/wp\/v2\/product\/19974","targetHints":{"allow":["GET"]}}],"collection":[{"href":"https:\/\/www.garzianomacchineagricole.it\/en\/wp-json\/wp\/v2\/product"}],"about":[{"href":"https:\/\/www.garzianomacchineagricole.it\/en\/wp-json\/wp\/v2\/types\/product"}],"replies":[{"embeddable":true,"href":"https:\/\/www.garzianomacchineagricole.it\/en\/wp-json\/wp\/v2\/comments?post=19974"}],"wp:featuredmedia":[{"embeddable":true,"href":"https:\/\/www.garzianomacchineagricole.it\/en\/wp-json\/wp\/v2\/media\/19975"}],"wp:attachment":[{"href":"https:\/\/www.garzianomacchineagricole.it\/en\/wp-json\/wp\/v2\/media?parent=19974"}],"wp:term":[{"taxonomy":"product_brand","embeddable":true,"href":"https:\/\/www.garzianomacchineagricole.it\/en\/wp-json\/wp\/v2\/product_brand?post=19974"},{"taxonomy":"product_cat","embeddable":true,"href":"https:\/\/www.garzianomacchineagricole.it\/en\/wp-json\/wp\/v2\/product_cat?post=19974"},{"taxonomy":"product_tag","embeddable":true,"href":"https:\/\/www.garzianomacchineagricole.it\/en\/wp-json\/wp\/v2\/product_tag?post=19974"}],"curies":[{"name":"wp","href":"https:\/\/api.w.org\/{rel}","templated":true}]}}