{"id":20011,"date":"2025-12-10T15:14:02","date_gmt":"2025-12-10T15:14:02","guid":{"rendered":"https:\/\/www.garzianomacchineagricole.it\/prodotto\/potatore-telescopico-campagnola-modt-rex-160240\/"},"modified":"2026-03-26T11:30:05","modified_gmt":"2026-03-26T11:30:05","slug":"potatore-telescopico-campagnola-modt-rex-160240","status":"publish","type":"product","link":"https:\/\/www.garzianomacchineagricole.it\/en\/product\/potatore-telescopico-campagnola-modt-rex-160240\/","title":{"rendered":"POTATORE TELESCOPICO CAMPAGNOLA T REX 160 240"},"content":{"rendered":"<p><strong>Il potatore a batteria della Campagnola<\/strong>&nbsp;\u00e8 l&#8217;ideale per chi cerca un prodotto che soddisfi in pieno le tue esigenze lavorative.<\/p>\n<p><strong>Il modello T-REX<\/strong>&nbsp;ha un&#8217;elevata capacit\u00e0 di taglio in tutte le condizioni di utilizzo, riesce ad esprimere al meglio le sue qualit\u00e0 nella potatura di un frutteto, di un vigneto ma soprattutto per il taglio di rami, anche quelli pi\u00f9 alti.<\/p>\n<p><strong>L&#8217;asta del modello T-REX<\/strong>&nbsp;<strong>\u00e8 telescopica<\/strong>&nbsp;ci\u00f2 significa che il potatore ha una lunghezza iniziale<strong>&nbsp;di 160 cm<\/strong>, fino ad arrivare ad una lunghezza di&nbsp;<strong>240 cm.<\/strong><\/p>\n<p>Pur avendo sia dimensioni che peso ridotti, il potatore T-REX presenta un&#8217;elevata capacit\u00e0 di taglio con un potente<strong>&nbsp;motore ad induzione da 450 W.<\/strong><\/p>\n<p><strong>La barra misura 203,2 mm (8&#8243;)<\/strong>&nbsp;ed ha una&nbsp;<strong>velocit\u00e0 di ben 12 m \/ s.<\/strong>&nbsp;La lubrificazione della lama \u00e8 automatica.<\/p>\n<p>Particolarmente silenzioso, non emette vibrazioni che possono interferire con il lavoro.<\/p>\n<p><strong>Nessuna manutenzione<\/strong>: non \u00e8 necessario oliare o affilare o mettere in tensione le lame.<\/p>\n<h4>Ottima per&nbsp;<strong>tagliare con facilit\u00e0<\/strong>&nbsp;a mano libera su legno, materiali legnosi e plastica.<\/h4>\n<h4><strong>Barra da 8\u201d con catena da \u00bc<\/strong><\/h4>\n<p>La&nbsp;<strong>barra da 8&#8221; con catena da 1\/4&#8221;<\/strong>&nbsp;\u00e8 dotata di una protezione di sicurezza al contraccolpo. Al lato della lama si trova il&nbsp;<strong style=\"color: blue\">serbatoio olio per la lubrificazione automatica<\/strong>.<\/p>\n<p>Dati tecnici:<\/p>\n<ul>\n<li><strong>Lunghezza barra:&nbsp;<\/strong>8&#8243; \/ 20 cm<\/li>\n<li><strong>Catena di taglio:<\/strong>&nbsp;1\/4\u2019\u2019 \u2013 48 maglie<\/li>\n<li><strong>Velocit\u00e0 di taglio:&nbsp;<\/strong>12 m\/s<\/li>\n<\/ul>\n<p><\/p>","protected":false},"excerpt":{"rendered":"<h4><strong>INCLUSE NELL\u2019ACQUISTO, UNA BATTERIA AL LITIO E IL RELATIVO CARICABATTERIE<\/strong><\/h4>","protected":false},"featured_media":20012,"comment_status":"closed","ping_status":"closed","template":"","meta":[],"product_brand":[110],"product_cat":[137,138],"product_tag":[149],"class_list":{"0":"post-20011","1":"product","2":"type-product","3":"status-publish","4":"has-post-thumbnail","6":"product_brand-campagnola","7":"product_cat-attrezzatura-campagnola","8":"product_cat-potatura","9":"product_tag-potatore-telescopico","11":"first","12":"instock","13":"taxable","14":"shipping-taxable","15":"purchasable","16":"product-type-simple"},"yoast_head":"<!-- This site is optimized with the Yoast SEO plugin v27.3 - https:\/\/yoast.com\/product\/yoast-seo-wordpress\/ -->\n<title>POTATORE TELESCOPICO CAMPAGNOLA T REX 160 240 - Garziano Macchine Agricole<\/title>\n<meta name=\"robots\" content=\"index, follow, max-snippet:-1, max-image-preview:large, max-video-preview:-1\" \/>\n<link rel=\"canonical\" href=\"https:\/\/www.garzianomacchineagricole.it\/en\/prodotto\/potatore-telescopico-campagnola-modt-rex-160240\/\" \/>\n<meta property=\"og:locale\" content=\"en_GB\" \/>\n<meta property=\"og:type\" content=\"article\" \/>\n<meta property=\"og:title\" content=\"POTATORE TELESCOPICO CAMPAGNOLA T REX 160 240 - Garziano Macchine Agricole\" \/>\n<meta property=\"og:description\" content=\"INCLUSE NELL\u2019ACQUISTO, UNA BATTERIA AL LITIO E IL RELATIVO CARICABATTERIE\" \/>\n<meta property=\"og:url\" content=\"https:\/\/www.garzianomacchineagricole.it\/en\/prodotto\/potatore-telescopico-campagnola-modt-rex-160240\/\" \/>\n<meta property=\"og:site_name\" content=\"Garziano Macchine Agricole\" \/>\n<meta property=\"article:modified_time\" content=\"2026-03-26T11:30:05+00:00\" \/>\n<meta property=\"og:image\" content=\"https:\/\/www.garzianomacchineagricole.it\/wp-content\/uploads\/campagnola-t-rex-250-300-potatore-manuale-elettrico-a-batteria-su-asta-batteria-da-21-6v-5ah-agrieuro_66166_2.webp\" \/>\n\t<meta property=\"og:image:width\" content=\"550\" \/>\n\t<meta property=\"og:image:height\" content=\"550\" \/>\n\t<meta property=\"og:image:type\" content=\"image\/webp\" \/>\n<meta name=\"twitter:card\" content=\"summary_large_image\" \/>\n<meta name=\"twitter:label1\" content=\"Estimated reading time\" \/>\n\t<meta name=\"twitter:data1\" content=\"1 minute\" \/>\n<script type=\"application\/ld+json\" class=\"yoast-schema-graph\">{\"@context\":\"https:\\\/\\\/schema.org\",\"@graph\":[{\"@type\":\"WebPage\",\"@id\":\"https:\\\/\\\/www.garzianomacchineagricole.it\\\/prodotto\\\/potatore-telescopico-campagnola-modt-rex-160240\\\/\",\"url\":\"https:\\\/\\\/www.garzianomacchineagricole.it\\\/prodotto\\\/potatore-telescopico-campagnola-modt-rex-160240\\\/\",\"name\":\"POTATORE TELESCOPICO CAMPAGNOLA T REX 160 240 - Garziano Macchine Agricole\",\"isPartOf\":{\"@id\":\"https:\\\/\\\/www.garzianomacchineagricole.it\\\/#website\"},\"primaryImageOfPage\":{\"@id\":\"https:\\\/\\\/www.garzianomacchineagricole.it\\\/prodotto\\\/potatore-telescopico-campagnola-modt-rex-160240\\\/#primaryimage\"},\"image\":{\"@id\":\"https:\\\/\\\/www.garzianomacchineagricole.it\\\/prodotto\\\/potatore-telescopico-campagnola-modt-rex-160240\\\/#primaryimage\"},\"thumbnailUrl\":\"https:\\\/\\\/www.garzianomacchineagricole.it\\\/wp-content\\\/uploads\\\/campagnola-t-rex-250-300-potatore-manuale-elettrico-a-batteria-su-asta-batteria-da-21-6v-5ah-agrieuro_66166_2.webp\",\"datePublished\":\"2025-12-10T15:14:02+00:00\",\"dateModified\":\"2026-03-26T11:30:05+00:00\",\"breadcrumb\":{\"@id\":\"https:\\\/\\\/www.garzianomacchineagricole.it\\\/prodotto\\\/potatore-telescopico-campagnola-modt-rex-160240\\\/#breadcrumb\"},\"inLanguage\":\"en-GB\",\"potentialAction\":[{\"@type\":\"ReadAction\",\"target\":[\"https:\\\/\\\/www.garzianomacchineagricole.it\\\/prodotto\\\/potatore-telescopico-campagnola-modt-rex-160240\\\/\"]}]},{\"@type\":\"ImageObject\",\"inLanguage\":\"en-GB\",\"@id\":\"https:\\\/\\\/www.garzianomacchineagricole.it\\\/prodotto\\\/potatore-telescopico-campagnola-modt-rex-160240\\\/#primaryimage\",\"url\":\"https:\\\/\\\/www.garzianomacchineagricole.it\\\/wp-content\\\/uploads\\\/campagnola-t-rex-250-300-potatore-manuale-elettrico-a-batteria-su-asta-batteria-da-21-6v-5ah-agrieuro_66166_2.webp\",\"contentUrl\":\"https:\\\/\\\/www.garzianomacchineagricole.it\\\/wp-content\\\/uploads\\\/campagnola-t-rex-250-300-potatore-manuale-elettrico-a-batteria-su-asta-batteria-da-21-6v-5ah-agrieuro_66166_2.webp\",\"width\":550,\"height\":550},{\"@type\":\"BreadcrumbList\",\"@id\":\"https:\\\/\\\/www.garzianomacchineagricole.it\\\/prodotto\\\/potatore-telescopico-campagnola-modt-rex-160240\\\/#breadcrumb\",\"itemListElement\":[{\"@type\":\"ListItem\",\"position\":1,\"name\":\"Home\",\"item\":\"https:\\\/\\\/www.garzianomacchineagricole.it\\\/\"},{\"@type\":\"ListItem\",\"position\":2,\"name\":\"Shop\",\"item\":\"https:\\\/\\\/www.garzianomacchineagricole.it\\\/negozio\\\/\"},{\"@type\":\"ListItem\",\"position\":3,\"name\":\"POTATORE TELESCOPICO CAMPAGNOLA T REX 160 240\"}]},{\"@type\":\"WebSite\",\"@id\":\"https:\\\/\\\/www.garzianomacchineagricole.it\\\/#website\",\"url\":\"https:\\\/\\\/www.garzianomacchineagricole.it\\\/\",\"name\":\"Garziano Macchine Agricole\",\"description\":\"Vendita Assistenza e Ricambi Macchine Agricole\",\"potentialAction\":[{\"@type\":\"SearchAction\",\"target\":{\"@type\":\"EntryPoint\",\"urlTemplate\":\"https:\\\/\\\/www.garzianomacchineagricole.it\\\/?s={search_term_string}\"},\"query-input\":{\"@type\":\"PropertyValueSpecification\",\"valueRequired\":true,\"valueName\":\"search_term_string\"}}],\"inLanguage\":\"en-GB\"}]}<\/script>\n<!-- \/ Yoast SEO plugin. -->","yoast_head_json":{"title":"POTATORE TELESCOPICO CAMPAGNOLA T REX 160 240 - Garziano Macchine Agricole","robots":{"index":"index","follow":"follow","max-snippet":"max-snippet:-1","max-image-preview":"max-image-preview:large","max-video-preview":"max-video-preview:-1"},"canonical":"https:\/\/www.garzianomacchineagricole.it\/en\/prodotto\/potatore-telescopico-campagnola-modt-rex-160240\/","og_locale":"en_GB","og_type":"article","og_title":"POTATORE TELESCOPICO CAMPAGNOLA T REX 160 240 - Garziano Macchine Agricole","og_description":"INCLUSE NELL\u2019ACQUISTO, UNA BATTERIA AL LITIO E IL RELATIVO CARICABATTERIE","og_url":"https:\/\/www.garzianomacchineagricole.it\/en\/prodotto\/potatore-telescopico-campagnola-modt-rex-160240\/","og_site_name":"Garziano Macchine Agricole","article_modified_time":"2026-03-26T11:30:05+00:00","og_image":[{"width":550,"height":550,"url":"https:\/\/www.garzianomacchineagricole.it\/wp-content\/uploads\/campagnola-t-rex-250-300-potatore-manuale-elettrico-a-batteria-su-asta-batteria-da-21-6v-5ah-agrieuro_66166_2.webp","type":"image\/webp"}],"twitter_card":"summary_large_image","twitter_misc":{"Estimated reading time":"1 minute"},"schema":{"@context":"https:\/\/schema.org","@graph":[{"@type":"WebPage","@id":"https:\/\/www.garzianomacchineagricole.it\/prodotto\/potatore-telescopico-campagnola-modt-rex-160240\/","url":"https:\/\/www.garzianomacchineagricole.it\/prodotto\/potatore-telescopico-campagnola-modt-rex-160240\/","name":"POTATORE TELESCOPICO CAMPAGNOLA T REX 160 240 - Garziano Macchine Agricole","isPartOf":{"@id":"https:\/\/www.garzianomacchineagricole.it\/#website"},"primaryImageOfPage":{"@id":"https:\/\/www.garzianomacchineagricole.it\/prodotto\/potatore-telescopico-campagnola-modt-rex-160240\/#primaryimage"},"image":{"@id":"https:\/\/www.garzianomacchineagricole.it\/prodotto\/potatore-telescopico-campagnola-modt-rex-160240\/#primaryimage"},"thumbnailUrl":"https:\/\/www.garzianomacchineagricole.it\/wp-content\/uploads\/campagnola-t-rex-250-300-potatore-manuale-elettrico-a-batteria-su-asta-batteria-da-21-6v-5ah-agrieuro_66166_2.webp","datePublished":"2025-12-10T15:14:02+00:00","dateModified":"2026-03-26T11:30:05+00:00","breadcrumb":{"@id":"https:\/\/www.garzianomacchineagricole.it\/prodotto\/potatore-telescopico-campagnola-modt-rex-160240\/#breadcrumb"},"inLanguage":"en-GB","potentialAction":[{"@type":"ReadAction","target":["https:\/\/www.garzianomacchineagricole.it\/prodotto\/potatore-telescopico-campagnola-modt-rex-160240\/"]}]},{"@type":"ImageObject","inLanguage":"en-GB","@id":"https:\/\/www.garzianomacchineagricole.it\/prodotto\/potatore-telescopico-campagnola-modt-rex-160240\/#primaryimage","url":"https:\/\/www.garzianomacchineagricole.it\/wp-content\/uploads\/campagnola-t-rex-250-300-potatore-manuale-elettrico-a-batteria-su-asta-batteria-da-21-6v-5ah-agrieuro_66166_2.webp","contentUrl":"https:\/\/www.garzianomacchineagricole.it\/wp-content\/uploads\/campagnola-t-rex-250-300-potatore-manuale-elettrico-a-batteria-su-asta-batteria-da-21-6v-5ah-agrieuro_66166_2.webp","width":550,"height":550},{"@type":"BreadcrumbList","@id":"https:\/\/www.garzianomacchineagricole.it\/prodotto\/potatore-telescopico-campagnola-modt-rex-160240\/#breadcrumb","itemListElement":[{"@type":"ListItem","position":1,"name":"Home","item":"https:\/\/www.garzianomacchineagricole.it\/"},{"@type":"ListItem","position":2,"name":"Shop","item":"https:\/\/www.garzianomacchineagricole.it\/negozio\/"},{"@type":"ListItem","position":3,"name":"POTATORE TELESCOPICO CAMPAGNOLA T REX 160 240"}]},{"@type":"WebSite","@id":"https:\/\/www.garzianomacchineagricole.it\/#website","url":"https:\/\/www.garzianomacchineagricole.it\/","name":"Garziano Macchine Agricole","description":"Vendita Assistenza e Ricambi Macchine Agricole","potentialAction":[{"@type":"SearchAction","target":{"@type":"EntryPoint","urlTemplate":"https:\/\/www.garzianomacchineagricole.it\/?s={search_term_string}"},"query-input":{"@type":"PropertyValueSpecification","valueRequired":true,"valueName":"search_term_string"}}],"inLanguage":"en-GB"}]}},"_links":{"self":[{"href":"https:\/\/www.garzianomacchineagricole.it\/en\/wp-json\/wp\/v2\/product\/20011","targetHints":{"allow":["GET"]}}],"collection":[{"href":"https:\/\/www.garzianomacchineagricole.it\/en\/wp-json\/wp\/v2\/product"}],"about":[{"href":"https:\/\/www.garzianomacchineagricole.it\/en\/wp-json\/wp\/v2\/types\/product"}],"replies":[{"embeddable":true,"href":"https:\/\/www.garzianomacchineagricole.it\/en\/wp-json\/wp\/v2\/comments?post=20011"}],"wp:featuredmedia":[{"embeddable":true,"href":"https:\/\/www.garzianomacchineagricole.it\/en\/wp-json\/wp\/v2\/media\/20012"}],"wp:attachment":[{"href":"https:\/\/www.garzianomacchineagricole.it\/en\/wp-json\/wp\/v2\/media?parent=20011"}],"wp:term":[{"taxonomy":"product_brand","embeddable":true,"href":"https:\/\/www.garzianomacchineagricole.it\/en\/wp-json\/wp\/v2\/product_brand?post=20011"},{"taxonomy":"product_cat","embeddable":true,"href":"https:\/\/www.garzianomacchineagricole.it\/en\/wp-json\/wp\/v2\/product_cat?post=20011"},{"taxonomy":"product_tag","embeddable":true,"href":"https:\/\/www.garzianomacchineagricole.it\/en\/wp-json\/wp\/v2\/product_tag?post=20011"}],"curies":[{"name":"wp","href":"https:\/\/api.w.org\/{rel}","templated":true}]}}