{"id":20015,"date":"2025-12-10T15:48:21","date_gmt":"2025-12-10T15:48:21","guid":{"rendered":"https:\/\/www.garzianomacchineagricole.it\/prodotto\/potatore-elettrico-trex\/"},"modified":"2026-03-24T09:03:12","modified_gmt":"2026-03-24T09:03:12","slug":"potatore-elettrico-trex","status":"publish","type":"product","link":"https:\/\/www.garzianomacchineagricole.it\/en\/product\/potatore-elettrico-trex\/","title":{"rendered":"POTATORE ELETTRICO T REX"},"content":{"rendered":"<p>Il&nbsp;<strong>Potatore a batteria della Campagnola T-Rex&nbsp;<\/strong>\u00e8 un prodotto professionale che semplificher\u00e0 notevolmente le attivit\u00e0 di potatura. Il suo peso ridotto permette all&#8217;operatore l&#8217;uso prolungato senza affaticare il braccio, permettendo di lavorare in totale tranquillit\u00e0.<\/p>\n<p>Questo strumento \u00e8 altamente consigliato per modificare l&#8217;aspetto esteriore degli arbusti, intervenendo sulla loro crescita. Le sue dimensioni compatte lo rendono maneggevole e&nbsp;<strong>molto versatile<\/strong>, adattandosi sia ad impieghi all&#8217;aperto che al chiuso.<\/p>\n<p>La&nbsp;<strong>barra misura 101,6 mm (4&#8243;) ed ha una velocit\u00e0 di ben 8,5 m\/s<\/strong>. La lubrificazione della lama \u00e8 facile e possibile attraverso il piccolo alloggio dedicato vicino la lama.<\/p>\n<p>Particolarmente silenzioso, non emette vibrazioni che possono interferire con il lavoro.<\/p>\n<p><strong>In dotazione saranno presenti due batterie:<\/strong><\/p>\n<ul>\n<li><strong>Una da 21,6 V &#8211; 4 Ah: con una autonomia di circa 150 tagli;<\/strong><\/li>\n<li><strong>Una da 21,6 V &#8211; 2,5 Ah: con una autonomia di circa 90 tagli;<\/strong><\/li>\n<\/ul>\n<p><strong>Nessuna manutenzione<\/strong>: non \u00e8 necessario oliare o affilare o mettere in tensione le lame.<\/p>\n<p>Ottima per&nbsp;<strong>tagliare con facilit\u00e0<\/strong>&nbsp;a mano libera su legno, materiali legnosi e plastica.<\/p>","protected":false},"excerpt":{"rendered":"<p> <strong>INCLUSE NELL&#8217;ACQUISTO 2 BATTERIE AL LITIO E IL RELATIVO CARICABATTERIE<\/strong><\/p>\n<ul>\n<li><strong style=\"color: blue\">1 Batteria agli ioni di litio 4 Ah 21,6 V<\/strong><\/li>\n<li><strong style=\"color: blue\">1 Batteria agli ioni di litio 2,5 Ah 21,6 V<\/strong><\/li>\n<\/ul>\n<p><\/p>","protected":false},"featured_media":20016,"comment_status":"closed","ping_status":"closed","template":"","meta":[],"product_brand":[110],"product_cat":[137,138],"product_tag":[147],"class_list":{"0":"post-20015","1":"product","2":"type-product","3":"status-publish","4":"has-post-thumbnail","6":"product_brand-campagnola","7":"product_cat-attrezzatura-campagnola","8":"product_cat-potatura","9":"product_tag-potatore","11":"first","12":"outofstock","13":"taxable","14":"shipping-taxable","15":"purchasable","16":"product-type-simple"},"yoast_head":"<!-- This site is optimized with the Yoast SEO plugin v27.3 - https:\/\/yoast.com\/product\/yoast-seo-wordpress\/ -->\n<title>POTATORE ELETTRICO T REX - Garziano Macchine Agricole<\/title>\n<meta name=\"robots\" content=\"index, follow, max-snippet:-1, max-image-preview:large, max-video-preview:-1\" \/>\n<link rel=\"canonical\" href=\"https:\/\/www.garzianomacchineagricole.it\/en\/prodotto\/potatore-elettrico-trex\/\" \/>\n<meta property=\"og:locale\" content=\"en_GB\" \/>\n<meta property=\"og:type\" content=\"article\" \/>\n<meta property=\"og:title\" content=\"POTATORE ELETTRICO T REX - Garziano Macchine Agricole\" \/>\n<meta property=\"og:description\" content=\"INCLUSE NELL&#039;ACQUISTO 2 BATTERIE AL LITIO E IL RELATIVO CARICABATTERIE1 Batteria agli ioni di litio 4 Ah 21,6 V1 Batteria agli ioni di litio 2,5 Ah 21,6 V\" \/>\n<meta property=\"og:url\" content=\"https:\/\/www.garzianomacchineagricole.it\/en\/prodotto\/potatore-elettrico-trex\/\" \/>\n<meta property=\"og:site_name\" content=\"Garziano Macchine Agricole\" \/>\n<meta property=\"article:modified_time\" content=\"2026-03-24T09:03:12+00:00\" \/>\n<meta property=\"og:image\" content=\"https:\/\/www.garzianomacchineagricole.it\/wp-content\/uploads\/campagnola-t-rex-potatore-manuale-elettrico-a-batteria-1-batteria-da-4ah-1-batteria-da-2-5ah-agrieuro_26808_6.jpg\" \/>\n\t<meta property=\"og:image:width\" content=\"550\" \/>\n\t<meta property=\"og:image:height\" content=\"550\" \/>\n\t<meta property=\"og:image:type\" content=\"image\/jpeg\" \/>\n<meta name=\"twitter:card\" content=\"summary_large_image\" \/>\n<meta name=\"twitter:label1\" content=\"Estimated reading time\" \/>\n\t<meta name=\"twitter:data1\" content=\"1 minute\" \/>\n<script type=\"application\/ld+json\" class=\"yoast-schema-graph\">{\"@context\":\"https:\\\/\\\/schema.org\",\"@graph\":[{\"@type\":\"WebPage\",\"@id\":\"https:\\\/\\\/www.garzianomacchineagricole.it\\\/prodotto\\\/potatore-elettrico-trex\\\/\",\"url\":\"https:\\\/\\\/www.garzianomacchineagricole.it\\\/prodotto\\\/potatore-elettrico-trex\\\/\",\"name\":\"POTATORE ELETTRICO T REX - Garziano Macchine Agricole\",\"isPartOf\":{\"@id\":\"https:\\\/\\\/www.garzianomacchineagricole.it\\\/#website\"},\"primaryImageOfPage\":{\"@id\":\"https:\\\/\\\/www.garzianomacchineagricole.it\\\/prodotto\\\/potatore-elettrico-trex\\\/#primaryimage\"},\"image\":{\"@id\":\"https:\\\/\\\/www.garzianomacchineagricole.it\\\/prodotto\\\/potatore-elettrico-trex\\\/#primaryimage\"},\"thumbnailUrl\":\"https:\\\/\\\/www.garzianomacchineagricole.it\\\/wp-content\\\/uploads\\\/campagnola-t-rex-potatore-manuale-elettrico-a-batteria-1-batteria-da-4ah-1-batteria-da-2-5ah-agrieuro_26808_6.jpg\",\"datePublished\":\"2025-12-10T15:48:21+00:00\",\"dateModified\":\"2026-03-24T09:03:12+00:00\",\"breadcrumb\":{\"@id\":\"https:\\\/\\\/www.garzianomacchineagricole.it\\\/prodotto\\\/potatore-elettrico-trex\\\/#breadcrumb\"},\"inLanguage\":\"en-GB\",\"potentialAction\":[{\"@type\":\"ReadAction\",\"target\":[\"https:\\\/\\\/www.garzianomacchineagricole.it\\\/prodotto\\\/potatore-elettrico-trex\\\/\"]}]},{\"@type\":\"ImageObject\",\"inLanguage\":\"en-GB\",\"@id\":\"https:\\\/\\\/www.garzianomacchineagricole.it\\\/prodotto\\\/potatore-elettrico-trex\\\/#primaryimage\",\"url\":\"https:\\\/\\\/www.garzianomacchineagricole.it\\\/wp-content\\\/uploads\\\/campagnola-t-rex-potatore-manuale-elettrico-a-batteria-1-batteria-da-4ah-1-batteria-da-2-5ah-agrieuro_26808_6.jpg\",\"contentUrl\":\"https:\\\/\\\/www.garzianomacchineagricole.it\\\/wp-content\\\/uploads\\\/campagnola-t-rex-potatore-manuale-elettrico-a-batteria-1-batteria-da-4ah-1-batteria-da-2-5ah-agrieuro_26808_6.jpg\",\"width\":550,\"height\":550},{\"@type\":\"BreadcrumbList\",\"@id\":\"https:\\\/\\\/www.garzianomacchineagricole.it\\\/prodotto\\\/potatore-elettrico-trex\\\/#breadcrumb\",\"itemListElement\":[{\"@type\":\"ListItem\",\"position\":1,\"name\":\"Home\",\"item\":\"https:\\\/\\\/www.garzianomacchineagricole.it\\\/\"},{\"@type\":\"ListItem\",\"position\":2,\"name\":\"Shop\",\"item\":\"https:\\\/\\\/www.garzianomacchineagricole.it\\\/negozio\\\/\"},{\"@type\":\"ListItem\",\"position\":3,\"name\":\"POTATORE ELETTRICO T REX\"}]},{\"@type\":\"WebSite\",\"@id\":\"https:\\\/\\\/www.garzianomacchineagricole.it\\\/#website\",\"url\":\"https:\\\/\\\/www.garzianomacchineagricole.it\\\/\",\"name\":\"Garziano Macchine Agricole\",\"description\":\"Vendita Assistenza e Ricambi Macchine Agricole\",\"potentialAction\":[{\"@type\":\"SearchAction\",\"target\":{\"@type\":\"EntryPoint\",\"urlTemplate\":\"https:\\\/\\\/www.garzianomacchineagricole.it\\\/?s={search_term_string}\"},\"query-input\":{\"@type\":\"PropertyValueSpecification\",\"valueRequired\":true,\"valueName\":\"search_term_string\"}}],\"inLanguage\":\"en-GB\"}]}<\/script>\n<!-- \/ Yoast SEO plugin. -->","yoast_head_json":{"title":"POTATORE ELETTRICO T REX - Garziano Macchine Agricole","robots":{"index":"index","follow":"follow","max-snippet":"max-snippet:-1","max-image-preview":"max-image-preview:large","max-video-preview":"max-video-preview:-1"},"canonical":"https:\/\/www.garzianomacchineagricole.it\/en\/prodotto\/potatore-elettrico-trex\/","og_locale":"en_GB","og_type":"article","og_title":"POTATORE ELETTRICO T REX - Garziano Macchine Agricole","og_description":"INCLUSE NELL'ACQUISTO 2 BATTERIE AL LITIO E IL RELATIVO CARICABATTERIE1 Batteria agli ioni di litio 4 Ah 21,6 V1 Batteria agli ioni di litio 2,5 Ah 21,6 V","og_url":"https:\/\/www.garzianomacchineagricole.it\/en\/prodotto\/potatore-elettrico-trex\/","og_site_name":"Garziano Macchine Agricole","article_modified_time":"2026-03-24T09:03:12+00:00","og_image":[{"width":550,"height":550,"url":"https:\/\/www.garzianomacchineagricole.it\/wp-content\/uploads\/campagnola-t-rex-potatore-manuale-elettrico-a-batteria-1-batteria-da-4ah-1-batteria-da-2-5ah-agrieuro_26808_6.jpg","type":"image\/jpeg"}],"twitter_card":"summary_large_image","twitter_misc":{"Estimated reading time":"1 minute"},"schema":{"@context":"https:\/\/schema.org","@graph":[{"@type":"WebPage","@id":"https:\/\/www.garzianomacchineagricole.it\/prodotto\/potatore-elettrico-trex\/","url":"https:\/\/www.garzianomacchineagricole.it\/prodotto\/potatore-elettrico-trex\/","name":"POTATORE ELETTRICO T REX - Garziano Macchine Agricole","isPartOf":{"@id":"https:\/\/www.garzianomacchineagricole.it\/#website"},"primaryImageOfPage":{"@id":"https:\/\/www.garzianomacchineagricole.it\/prodotto\/potatore-elettrico-trex\/#primaryimage"},"image":{"@id":"https:\/\/www.garzianomacchineagricole.it\/prodotto\/potatore-elettrico-trex\/#primaryimage"},"thumbnailUrl":"https:\/\/www.garzianomacchineagricole.it\/wp-content\/uploads\/campagnola-t-rex-potatore-manuale-elettrico-a-batteria-1-batteria-da-4ah-1-batteria-da-2-5ah-agrieuro_26808_6.jpg","datePublished":"2025-12-10T15:48:21+00:00","dateModified":"2026-03-24T09:03:12+00:00","breadcrumb":{"@id":"https:\/\/www.garzianomacchineagricole.it\/prodotto\/potatore-elettrico-trex\/#breadcrumb"},"inLanguage":"en-GB","potentialAction":[{"@type":"ReadAction","target":["https:\/\/www.garzianomacchineagricole.it\/prodotto\/potatore-elettrico-trex\/"]}]},{"@type":"ImageObject","inLanguage":"en-GB","@id":"https:\/\/www.garzianomacchineagricole.it\/prodotto\/potatore-elettrico-trex\/#primaryimage","url":"https:\/\/www.garzianomacchineagricole.it\/wp-content\/uploads\/campagnola-t-rex-potatore-manuale-elettrico-a-batteria-1-batteria-da-4ah-1-batteria-da-2-5ah-agrieuro_26808_6.jpg","contentUrl":"https:\/\/www.garzianomacchineagricole.it\/wp-content\/uploads\/campagnola-t-rex-potatore-manuale-elettrico-a-batteria-1-batteria-da-4ah-1-batteria-da-2-5ah-agrieuro_26808_6.jpg","width":550,"height":550},{"@type":"BreadcrumbList","@id":"https:\/\/www.garzianomacchineagricole.it\/prodotto\/potatore-elettrico-trex\/#breadcrumb","itemListElement":[{"@type":"ListItem","position":1,"name":"Home","item":"https:\/\/www.garzianomacchineagricole.it\/"},{"@type":"ListItem","position":2,"name":"Shop","item":"https:\/\/www.garzianomacchineagricole.it\/negozio\/"},{"@type":"ListItem","position":3,"name":"POTATORE ELETTRICO T REX"}]},{"@type":"WebSite","@id":"https:\/\/www.garzianomacchineagricole.it\/#website","url":"https:\/\/www.garzianomacchineagricole.it\/","name":"Garziano Macchine Agricole","description":"Vendita Assistenza e Ricambi Macchine Agricole","potentialAction":[{"@type":"SearchAction","target":{"@type":"EntryPoint","urlTemplate":"https:\/\/www.garzianomacchineagricole.it\/?s={search_term_string}"},"query-input":{"@type":"PropertyValueSpecification","valueRequired":true,"valueName":"search_term_string"}}],"inLanguage":"en-GB"}]}},"_links":{"self":[{"href":"https:\/\/www.garzianomacchineagricole.it\/en\/wp-json\/wp\/v2\/product\/20015","targetHints":{"allow":["GET"]}}],"collection":[{"href":"https:\/\/www.garzianomacchineagricole.it\/en\/wp-json\/wp\/v2\/product"}],"about":[{"href":"https:\/\/www.garzianomacchineagricole.it\/en\/wp-json\/wp\/v2\/types\/product"}],"replies":[{"embeddable":true,"href":"https:\/\/www.garzianomacchineagricole.it\/en\/wp-json\/wp\/v2\/comments?post=20015"}],"wp:featuredmedia":[{"embeddable":true,"href":"https:\/\/www.garzianomacchineagricole.it\/en\/wp-json\/wp\/v2\/media\/20016"}],"wp:attachment":[{"href":"https:\/\/www.garzianomacchineagricole.it\/en\/wp-json\/wp\/v2\/media?parent=20015"}],"wp:term":[{"taxonomy":"product_brand","embeddable":true,"href":"https:\/\/www.garzianomacchineagricole.it\/en\/wp-json\/wp\/v2\/product_brand?post=20015"},{"taxonomy":"product_cat","embeddable":true,"href":"https:\/\/www.garzianomacchineagricole.it\/en\/wp-json\/wp\/v2\/product_cat?post=20015"},{"taxonomy":"product_tag","embeddable":true,"href":"https:\/\/www.garzianomacchineagricole.it\/en\/wp-json\/wp\/v2\/product_tag?post=20015"}],"curies":[{"name":"wp","href":"https:\/\/api.w.org\/{rel}","templated":true}]}}