{"id":20019,"date":"2025-12-10T16:03:09","date_gmt":"2025-12-10T16:03:09","guid":{"rendered":"https:\/\/www.garzianomacchineagricole.it\/prodotto\/legatrice-elettrica-nexi\/"},"modified":"2026-03-24T09:03:11","modified_gmt":"2026-03-24T09:03:11","slug":"legatrice-elettrica-nexi","status":"publish","type":"product","link":"https:\/\/www.garzianomacchineagricole.it\/en\/product\/legatrice-elettrica-nexi\/","title":{"rendered":"Legatrice elettrica NEXI"},"content":{"rendered":"<p> La<strong>&nbsp;Legatrice per vigneto elettrica a batteria Campagnola Nexi&nbsp;<\/strong>\u00e8 un concentrato di tecnologia che assicura velocit\u00e0 e precisione. Viene consigliata per chi ha l&#8217;esigenza di effettuare delle legature sui tralci di vite ai fili di sostegno in modo continuativo per vigne di grandi\/medie estensioni.<\/p>\n<ul>\n<li><strong>Peso legatrice (senza batteria): 0.78 Kg&nbsp;<\/strong>cavo incluso<\/li>\n<li><strong>80 legature al minuto,<\/strong><\/li>\n<li><strong>Oltre 10.000 legature per batteria<\/strong><\/li>\n<li><strong>Autonomia complessiva di lavoro: fino a 12 ore<\/strong><\/li>\n<li><strong>6 livelli di regolazione<\/strong><\/li>\n<\/ul>\n<p>Leggerissima e maneggevole, la legatrice Nexi permette una riduzione dei tempi di lavoro di oltre il 50% rispetto alla legatura manuale, velocizzando le esecuzioni in termini di ore e riducendo l\u2019affaticamento dell\u2019operatore.<\/p>\n<p><strong>In una giornata di lavoro si<\/strong>&nbsp;<strong>utilizzano facilmente circa 3,5 bobine di filo<\/strong>.<\/p>\n<p>Rapida ed affidabile, Nexi \u00e8 adatta non solo ai vigneti, ma anche a piante da frutto ed ortaggi che necessitano di fissaggio ai supporti.<\/p>\n<p>La&nbsp;<strong>Legatrice per vigneto elettrica a batteria Campagnola Nexi<\/strong>&nbsp;\u00e8 dotata di&nbsp;<strong>2<\/strong>&nbsp;<strong>batterie ai polimeri di litio da 2,5 Ah<\/strong>&nbsp;compatta e con scocca leggera realizzata in resistente plastica. Grande vantaggio di queste batterie e sicuramente il fatto che la batteria \u00e8 poco ingombrante e leggera, quindi si avr\u00e0 una maggiore manualit\u00e0 e funzionalit\u00e0 nello svolgimento delle operazioni di potatura.<\/p>\n<p>Dettaglio dei punti di forza:<\/p>\n<ul>\n<li>Diametro di legatura massimo: 25 mm<\/li>\n<li>Lunghezza bobina di carta (gi\u00e0 montata): 130mt<\/li>\n<li>Lunghezza bobina di filo standard (da montare): 110mt<\/li>\n<li>Legature per bobina: circa 650<\/li>\n<li>Con valigetta per il trasporto e&nbsp;<strong style=\"color: blue\">kit completo<\/strong><\/li>\n<li>Impugnatura ergonomica<\/li>\n<\/ul>\n<p><\/p>","protected":false},"excerpt":{"rendered":"<p><strong>INCLUSE NELL&#8217;ACQUISTO 2 BATTERIE AL LITIO E IL RELATIVO CARICABATTERIE<\/strong><\/p>\n<p><strong>Batteria agli ioni di litio 2.5 Ah 14,4 V<\/strong>, tra le migliori tecnologie al mondo.<\/p>","protected":false},"featured_media":20020,"comment_status":"closed","ping_status":"closed","template":"","meta":[],"product_brand":[110],"product_cat":[137,151],"product_tag":[152],"class_list":{"0":"post-20019","1":"product","2":"type-product","3":"status-publish","4":"has-post-thumbnail","6":"product_brand-campagnola","7":"product_cat-attrezzatura-campagnola","8":"product_cat-legatrice-attrezzatura-campagnola","9":"product_tag-legatrice","11":"first","12":"instock","13":"taxable","14":"shipping-taxable","15":"purchasable","16":"product-type-simple"},"yoast_head":"<!-- This site is optimized with the Yoast SEO plugin v27.3 - https:\/\/yoast.com\/product\/yoast-seo-wordpress\/ -->\n<title>Legatrice elettrica NEXI - Garziano Macchine Agricole<\/title>\n<meta name=\"robots\" content=\"index, follow, max-snippet:-1, max-image-preview:large, max-video-preview:-1\" \/>\n<link rel=\"canonical\" href=\"https:\/\/www.garzianomacchineagricole.it\/en\/prodotto\/legatrice-elettrica-nexi\/\" \/>\n<meta property=\"og:locale\" content=\"en_GB\" \/>\n<meta property=\"og:type\" content=\"article\" \/>\n<meta property=\"og:title\" content=\"Legatrice elettrica NEXI - Garziano Macchine Agricole\" \/>\n<meta property=\"og:description\" content=\"INCLUSE NELL&#039;ACQUISTO 2 BATTERIE AL LITIO E IL RELATIVO CARICABATTERIEBatteria agli ioni di litio 2.5 Ah 14,4 V, tra le migliori tecnologie al mondo.\" \/>\n<meta property=\"og:url\" content=\"https:\/\/www.garzianomacchineagricole.it\/en\/prodotto\/legatrice-elettrica-nexi\/\" \/>\n<meta property=\"og:site_name\" content=\"Garziano Macchine Agricole\" \/>\n<meta property=\"article:modified_time\" content=\"2026-03-24T09:03:11+00:00\" \/>\n<meta property=\"og:image\" content=\"https:\/\/www.garzianomacchineagricole.it\/wp-content\/uploads\/campagnola-nexi-legatrice-per-vigneto-elettrica-a-batteria-2-x-14-4v-2-5ah-agrieuro_26682_4.jpg\" \/>\n\t<meta property=\"og:image:width\" content=\"550\" \/>\n\t<meta property=\"og:image:height\" content=\"550\" \/>\n\t<meta property=\"og:image:type\" content=\"image\/jpeg\" \/>\n<meta name=\"twitter:card\" content=\"summary_large_image\" \/>\n<meta name=\"twitter:label1\" content=\"Estimated reading time\" \/>\n\t<meta name=\"twitter:data1\" content=\"1 minute\" \/>\n<script type=\"application\/ld+json\" class=\"yoast-schema-graph\">{\"@context\":\"https:\\\/\\\/schema.org\",\"@graph\":[{\"@type\":\"WebPage\",\"@id\":\"https:\\\/\\\/www.garzianomacchineagricole.it\\\/prodotto\\\/legatrice-elettrica-nexi\\\/\",\"url\":\"https:\\\/\\\/www.garzianomacchineagricole.it\\\/prodotto\\\/legatrice-elettrica-nexi\\\/\",\"name\":\"Legatrice elettrica NEXI - Garziano Macchine Agricole\",\"isPartOf\":{\"@id\":\"https:\\\/\\\/www.garzianomacchineagricole.it\\\/#website\"},\"primaryImageOfPage\":{\"@id\":\"https:\\\/\\\/www.garzianomacchineagricole.it\\\/prodotto\\\/legatrice-elettrica-nexi\\\/#primaryimage\"},\"image\":{\"@id\":\"https:\\\/\\\/www.garzianomacchineagricole.it\\\/prodotto\\\/legatrice-elettrica-nexi\\\/#primaryimage\"},\"thumbnailUrl\":\"https:\\\/\\\/www.garzianomacchineagricole.it\\\/wp-content\\\/uploads\\\/campagnola-nexi-legatrice-per-vigneto-elettrica-a-batteria-2-x-14-4v-2-5ah-agrieuro_26682_4.jpg\",\"datePublished\":\"2025-12-10T16:03:09+00:00\",\"dateModified\":\"2026-03-24T09:03:11+00:00\",\"breadcrumb\":{\"@id\":\"https:\\\/\\\/www.garzianomacchineagricole.it\\\/prodotto\\\/legatrice-elettrica-nexi\\\/#breadcrumb\"},\"inLanguage\":\"en-GB\",\"potentialAction\":[{\"@type\":\"ReadAction\",\"target\":[\"https:\\\/\\\/www.garzianomacchineagricole.it\\\/prodotto\\\/legatrice-elettrica-nexi\\\/\"]}]},{\"@type\":\"ImageObject\",\"inLanguage\":\"en-GB\",\"@id\":\"https:\\\/\\\/www.garzianomacchineagricole.it\\\/prodotto\\\/legatrice-elettrica-nexi\\\/#primaryimage\",\"url\":\"https:\\\/\\\/www.garzianomacchineagricole.it\\\/wp-content\\\/uploads\\\/campagnola-nexi-legatrice-per-vigneto-elettrica-a-batteria-2-x-14-4v-2-5ah-agrieuro_26682_4.jpg\",\"contentUrl\":\"https:\\\/\\\/www.garzianomacchineagricole.it\\\/wp-content\\\/uploads\\\/campagnola-nexi-legatrice-per-vigneto-elettrica-a-batteria-2-x-14-4v-2-5ah-agrieuro_26682_4.jpg\",\"width\":550,\"height\":550},{\"@type\":\"BreadcrumbList\",\"@id\":\"https:\\\/\\\/www.garzianomacchineagricole.it\\\/prodotto\\\/legatrice-elettrica-nexi\\\/#breadcrumb\",\"itemListElement\":[{\"@type\":\"ListItem\",\"position\":1,\"name\":\"Home\",\"item\":\"https:\\\/\\\/www.garzianomacchineagricole.it\\\/\"},{\"@type\":\"ListItem\",\"position\":2,\"name\":\"Shop\",\"item\":\"https:\\\/\\\/www.garzianomacchineagricole.it\\\/negozio\\\/\"},{\"@type\":\"ListItem\",\"position\":3,\"name\":\"Legatrice elettrica NEXI\"}]},{\"@type\":\"WebSite\",\"@id\":\"https:\\\/\\\/www.garzianomacchineagricole.it\\\/#website\",\"url\":\"https:\\\/\\\/www.garzianomacchineagricole.it\\\/\",\"name\":\"Garziano Macchine Agricole\",\"description\":\"Vendita Assistenza e Ricambi Macchine Agricole\",\"potentialAction\":[{\"@type\":\"SearchAction\",\"target\":{\"@type\":\"EntryPoint\",\"urlTemplate\":\"https:\\\/\\\/www.garzianomacchineagricole.it\\\/?s={search_term_string}\"},\"query-input\":{\"@type\":\"PropertyValueSpecification\",\"valueRequired\":true,\"valueName\":\"search_term_string\"}}],\"inLanguage\":\"en-GB\"}]}<\/script>\n<!-- \/ Yoast SEO plugin. -->","yoast_head_json":{"title":"Legatrice elettrica NEXI - Garziano Macchine Agricole","robots":{"index":"index","follow":"follow","max-snippet":"max-snippet:-1","max-image-preview":"max-image-preview:large","max-video-preview":"max-video-preview:-1"},"canonical":"https:\/\/www.garzianomacchineagricole.it\/en\/prodotto\/legatrice-elettrica-nexi\/","og_locale":"en_GB","og_type":"article","og_title":"Legatrice elettrica NEXI - Garziano Macchine Agricole","og_description":"INCLUSE NELL'ACQUISTO 2 BATTERIE AL LITIO E IL RELATIVO CARICABATTERIEBatteria agli ioni di litio 2.5 Ah 14,4 V, tra le migliori tecnologie al mondo.","og_url":"https:\/\/www.garzianomacchineagricole.it\/en\/prodotto\/legatrice-elettrica-nexi\/","og_site_name":"Garziano Macchine Agricole","article_modified_time":"2026-03-24T09:03:11+00:00","og_image":[{"width":550,"height":550,"url":"https:\/\/www.garzianomacchineagricole.it\/wp-content\/uploads\/campagnola-nexi-legatrice-per-vigneto-elettrica-a-batteria-2-x-14-4v-2-5ah-agrieuro_26682_4.jpg","type":"image\/jpeg"}],"twitter_card":"summary_large_image","twitter_misc":{"Estimated reading time":"1 minute"},"schema":{"@context":"https:\/\/schema.org","@graph":[{"@type":"WebPage","@id":"https:\/\/www.garzianomacchineagricole.it\/prodotto\/legatrice-elettrica-nexi\/","url":"https:\/\/www.garzianomacchineagricole.it\/prodotto\/legatrice-elettrica-nexi\/","name":"Legatrice elettrica NEXI - Garziano Macchine Agricole","isPartOf":{"@id":"https:\/\/www.garzianomacchineagricole.it\/#website"},"primaryImageOfPage":{"@id":"https:\/\/www.garzianomacchineagricole.it\/prodotto\/legatrice-elettrica-nexi\/#primaryimage"},"image":{"@id":"https:\/\/www.garzianomacchineagricole.it\/prodotto\/legatrice-elettrica-nexi\/#primaryimage"},"thumbnailUrl":"https:\/\/www.garzianomacchineagricole.it\/wp-content\/uploads\/campagnola-nexi-legatrice-per-vigneto-elettrica-a-batteria-2-x-14-4v-2-5ah-agrieuro_26682_4.jpg","datePublished":"2025-12-10T16:03:09+00:00","dateModified":"2026-03-24T09:03:11+00:00","breadcrumb":{"@id":"https:\/\/www.garzianomacchineagricole.it\/prodotto\/legatrice-elettrica-nexi\/#breadcrumb"},"inLanguage":"en-GB","potentialAction":[{"@type":"ReadAction","target":["https:\/\/www.garzianomacchineagricole.it\/prodotto\/legatrice-elettrica-nexi\/"]}]},{"@type":"ImageObject","inLanguage":"en-GB","@id":"https:\/\/www.garzianomacchineagricole.it\/prodotto\/legatrice-elettrica-nexi\/#primaryimage","url":"https:\/\/www.garzianomacchineagricole.it\/wp-content\/uploads\/campagnola-nexi-legatrice-per-vigneto-elettrica-a-batteria-2-x-14-4v-2-5ah-agrieuro_26682_4.jpg","contentUrl":"https:\/\/www.garzianomacchineagricole.it\/wp-content\/uploads\/campagnola-nexi-legatrice-per-vigneto-elettrica-a-batteria-2-x-14-4v-2-5ah-agrieuro_26682_4.jpg","width":550,"height":550},{"@type":"BreadcrumbList","@id":"https:\/\/www.garzianomacchineagricole.it\/prodotto\/legatrice-elettrica-nexi\/#breadcrumb","itemListElement":[{"@type":"ListItem","position":1,"name":"Home","item":"https:\/\/www.garzianomacchineagricole.it\/"},{"@type":"ListItem","position":2,"name":"Shop","item":"https:\/\/www.garzianomacchineagricole.it\/negozio\/"},{"@type":"ListItem","position":3,"name":"Legatrice elettrica NEXI"}]},{"@type":"WebSite","@id":"https:\/\/www.garzianomacchineagricole.it\/#website","url":"https:\/\/www.garzianomacchineagricole.it\/","name":"Garziano Macchine Agricole","description":"Vendita Assistenza e Ricambi Macchine Agricole","potentialAction":[{"@type":"SearchAction","target":{"@type":"EntryPoint","urlTemplate":"https:\/\/www.garzianomacchineagricole.it\/?s={search_term_string}"},"query-input":{"@type":"PropertyValueSpecification","valueRequired":true,"valueName":"search_term_string"}}],"inLanguage":"en-GB"}]}},"_links":{"self":[{"href":"https:\/\/www.garzianomacchineagricole.it\/en\/wp-json\/wp\/v2\/product\/20019","targetHints":{"allow":["GET"]}}],"collection":[{"href":"https:\/\/www.garzianomacchineagricole.it\/en\/wp-json\/wp\/v2\/product"}],"about":[{"href":"https:\/\/www.garzianomacchineagricole.it\/en\/wp-json\/wp\/v2\/types\/product"}],"replies":[{"embeddable":true,"href":"https:\/\/www.garzianomacchineagricole.it\/en\/wp-json\/wp\/v2\/comments?post=20019"}],"wp:featuredmedia":[{"embeddable":true,"href":"https:\/\/www.garzianomacchineagricole.it\/en\/wp-json\/wp\/v2\/media\/20020"}],"wp:attachment":[{"href":"https:\/\/www.garzianomacchineagricole.it\/en\/wp-json\/wp\/v2\/media?parent=20019"}],"wp:term":[{"taxonomy":"product_brand","embeddable":true,"href":"https:\/\/www.garzianomacchineagricole.it\/en\/wp-json\/wp\/v2\/product_brand?post=20019"},{"taxonomy":"product_cat","embeddable":true,"href":"https:\/\/www.garzianomacchineagricole.it\/en\/wp-json\/wp\/v2\/product_cat?post=20019"},{"taxonomy":"product_tag","embeddable":true,"href":"https:\/\/www.garzianomacchineagricole.it\/en\/wp-json\/wp\/v2\/product_tag?post=20019"}],"curies":[{"name":"wp","href":"https:\/\/api.w.org\/{rel}","templated":true}]}}