{"id":21747,"date":"2026-03-26T11:30:06","date_gmt":"2026-03-26T11:30:06","guid":{"rendered":"https:\/\/www.garzianomacchineagricole.it\/prodotto\/abbacchiatore-elettrico-icarus-eco-v1-plug-in-150-220\/"},"modified":"2026-03-27T10:05:31","modified_gmt":"2026-03-27T10:05:31","slug":"abbacchiatore-elettrico-icarus-eco-v1-plug-in-150-220","status":"publish","type":"product","link":"https:\/\/www.garzianomacchineagricole.it\/en\/product\/abbacchiatore-elettrico-icarus-eco-v1-plug-in-150-220\/","title":{"rendered":"ABBACCHIATORE ELETTRICO ICARUS ECO V1 PLUG-IN 150 220"},"content":{"rendered":"","protected":false},"excerpt":{"rendered":"<p><strong>Icarus V1 E<\/strong><strong>co Plug-In: L\u2019abbacchiatore senza cavi per prestazioni di raccolta avanzate<\/strong><\/p>\n<p>Dotato di unit\u00e0 di potenza Power Eco Plug-In, \u00e8 stato progettato per offrire mobilit\u00e0 completa e ottimizzare il processo di raccolta. Se possiedi un uliveto su terreno particolarmente pendente questo abbacchiatore \u00e8 la scelta giusta. Grazie alla tecnologia senza cavi consente un lavoro efficiente e continuativo senza limitazioni.<\/p>\n<p>Il suo movimento orizzontale contrapposto \u00e8 pensato per affrontare piante con chioma folta, permettendo una penetrazione efficace anche nelle aree pi\u00f9 fitte. Questo sistema garantisce una raccolta rapida e senza sforzo, massimizzando la produttivit\u00e0.<\/p>\n<p>I rebbi in carbonio, leggeri e resistenti sono intercambiabili singolarmente. Per una maggiore versatilit\u00e0, puoi alimentarlo con le batterie Extra Performance Plug-In o con batteria a terra da 12V, garantendo una soluzione flessibile per qualsiasi esigenza operativa.<\/p>","protected":false},"featured_media":21780,"comment_status":"open","ping_status":"closed","template":"","meta":[],"product_brand":[110],"product_cat":[207,137],"product_tag":[],"class_list":{"0":"post-21747","1":"product","2":"type-product","3":"status-publish","4":"has-post-thumbnail","6":"product_brand-campagnola","7":"product_cat-abbacchiatore-attrezzatura-campagnola","8":"product_cat-attrezzatura-campagnola","10":"first","11":"instock","12":"taxable","13":"shipping-taxable","14":"purchasable","15":"product-type-simple"},"yoast_head":"<!-- This site is optimized with the Yoast SEO plugin v27.3 - https:\/\/yoast.com\/product\/yoast-seo-wordpress\/ -->\n<title>ABBACCHIATORE ELETTRICO ICARUS ECO V1 PLUG-IN 150 220 - Garziano Macchine Agricole<\/title>\n<meta name=\"robots\" content=\"index, follow, max-snippet:-1, max-image-preview:large, max-video-preview:-1\" \/>\n<link rel=\"canonical\" href=\"https:\/\/www.garzianomacchineagricole.it\/en\/prodotto\/abbacchiatore-elettrico-icarus-eco-v1-plug-in-150-220\/\" \/>\n<meta property=\"og:locale\" content=\"en_GB\" \/>\n<meta property=\"og:type\" content=\"article\" \/>\n<meta property=\"og:title\" content=\"ABBACCHIATORE ELETTRICO ICARUS ECO V1 PLUG-IN 150 220 - Garziano Macchine Agricole\" \/>\n<meta property=\"og:description\" content=\"Icarus V1 Eco Plug-In: L\u2019abbacchiatore senza cavi per prestazioni di raccolta avanzate  Dotato di unit\u00e0 di potenza Power Eco Plug-In, \u00e8 stato progettato per offrire mobilit\u00e0 completa e ottimizzare il processo di raccolta. Se possiedi un uliveto su terreno particolarmente pendente questo abbacchiatore \u00e8 la scelta giusta. Grazie alla tecnologia senza cavi consente un lavoro efficiente e continuativo senza limitazioni.  Il suo movimento orizzontale contrapposto \u00e8 pensato per affrontare piante con chioma folta, permettendo una penetrazione efficace anche nelle aree pi\u00f9 fitte. Questo sistema garantisce una raccolta rapida e senza sforzo, massimizzando la produttivit\u00e0.  I rebbi in carbonio, leggeri e resistenti sono intercambiabili singolarmente. Per una maggiore versatilit\u00e0, puoi alimentarlo con le batterie Extra Performance Plug-In o con batteria a terra da 12V, garantendo una soluzione flessibile per qualsiasi esigenza operativa.\" \/>\n<meta property=\"og:url\" content=\"https:\/\/www.garzianomacchineagricole.it\/en\/prodotto\/abbacchiatore-elettrico-icarus-eco-v1-plug-in-150-220\/\" \/>\n<meta property=\"og:site_name\" content=\"Garziano Macchine Agricole\" \/>\n<meta property=\"article:modified_time\" content=\"2026-03-27T10:05:31+00:00\" \/>\n<meta property=\"og:image\" content=\"https:\/\/www.garzianomacchineagricole.it\/wp-content\/uploads\/ICARUS-V1-ECO-PLUG-IN.jpg\" \/>\n\t<meta property=\"og:image:width\" content=\"800\" \/>\n\t<meta property=\"og:image:height\" content=\"600\" \/>\n\t<meta property=\"og:image:type\" content=\"image\/jpeg\" \/>\n<meta name=\"twitter:card\" content=\"summary_large_image\" \/>\n<script type=\"application\/ld+json\" class=\"yoast-schema-graph\">{\"@context\":\"https:\\\/\\\/schema.org\",\"@graph\":[{\"@type\":\"WebPage\",\"@id\":\"https:\\\/\\\/www.garzianomacchineagricole.it\\\/prodotto\\\/abbacchiatore-elettrico-icarus-eco-v1-plug-in-150-220\\\/\",\"url\":\"https:\\\/\\\/www.garzianomacchineagricole.it\\\/prodotto\\\/abbacchiatore-elettrico-icarus-eco-v1-plug-in-150-220\\\/\",\"name\":\"ABBACCHIATORE ELETTRICO ICARUS ECO V1 PLUG-IN 150 220 - Garziano Macchine Agricole\",\"isPartOf\":{\"@id\":\"https:\\\/\\\/www.garzianomacchineagricole.it\\\/#website\"},\"primaryImageOfPage\":{\"@id\":\"https:\\\/\\\/www.garzianomacchineagricole.it\\\/prodotto\\\/abbacchiatore-elettrico-icarus-eco-v1-plug-in-150-220\\\/#primaryimage\"},\"image\":{\"@id\":\"https:\\\/\\\/www.garzianomacchineagricole.it\\\/prodotto\\\/abbacchiatore-elettrico-icarus-eco-v1-plug-in-150-220\\\/#primaryimage\"},\"thumbnailUrl\":\"https:\\\/\\\/www.garzianomacchineagricole.it\\\/wp-content\\\/uploads\\\/ICARUS-V1-ECO-PLUG-IN.jpg\",\"datePublished\":\"2026-03-26T11:30:06+00:00\",\"dateModified\":\"2026-03-27T10:05:31+00:00\",\"breadcrumb\":{\"@id\":\"https:\\\/\\\/www.garzianomacchineagricole.it\\\/prodotto\\\/abbacchiatore-elettrico-icarus-eco-v1-plug-in-150-220\\\/#breadcrumb\"},\"inLanguage\":\"en-GB\",\"potentialAction\":[{\"@type\":\"ReadAction\",\"target\":[\"https:\\\/\\\/www.garzianomacchineagricole.it\\\/prodotto\\\/abbacchiatore-elettrico-icarus-eco-v1-plug-in-150-220\\\/\"]}]},{\"@type\":\"ImageObject\",\"inLanguage\":\"en-GB\",\"@id\":\"https:\\\/\\\/www.garzianomacchineagricole.it\\\/prodotto\\\/abbacchiatore-elettrico-icarus-eco-v1-plug-in-150-220\\\/#primaryimage\",\"url\":\"https:\\\/\\\/www.garzianomacchineagricole.it\\\/wp-content\\\/uploads\\\/ICARUS-V1-ECO-PLUG-IN.jpg\",\"contentUrl\":\"https:\\\/\\\/www.garzianomacchineagricole.it\\\/wp-content\\\/uploads\\\/ICARUS-V1-ECO-PLUG-IN.jpg\",\"width\":800,\"height\":600},{\"@type\":\"BreadcrumbList\",\"@id\":\"https:\\\/\\\/www.garzianomacchineagricole.it\\\/prodotto\\\/abbacchiatore-elettrico-icarus-eco-v1-plug-in-150-220\\\/#breadcrumb\",\"itemListElement\":[{\"@type\":\"ListItem\",\"position\":1,\"name\":\"Home\",\"item\":\"https:\\\/\\\/www.garzianomacchineagricole.it\\\/\"},{\"@type\":\"ListItem\",\"position\":2,\"name\":\"Shop\",\"item\":\"https:\\\/\\\/www.garzianomacchineagricole.it\\\/negozio\\\/\"},{\"@type\":\"ListItem\",\"position\":3,\"name\":\"ABBACCHIATORE ELETTRICO ICARUS ECO V1 PLUG-IN 150 220\"}]},{\"@type\":\"WebSite\",\"@id\":\"https:\\\/\\\/www.garzianomacchineagricole.it\\\/#website\",\"url\":\"https:\\\/\\\/www.garzianomacchineagricole.it\\\/\",\"name\":\"Garziano Macchine Agricole\",\"description\":\"Vendita Assistenza e Ricambi Macchine Agricole\",\"potentialAction\":[{\"@type\":\"SearchAction\",\"target\":{\"@type\":\"EntryPoint\",\"urlTemplate\":\"https:\\\/\\\/www.garzianomacchineagricole.it\\\/?s={search_term_string}\"},\"query-input\":{\"@type\":\"PropertyValueSpecification\",\"valueRequired\":true,\"valueName\":\"search_term_string\"}}],\"inLanguage\":\"en-GB\"}]}<\/script>\n<!-- \/ Yoast SEO plugin. -->","yoast_head_json":{"title":"ABBACCHIATORE ELETTRICO ICARUS ECO V1 PLUG-IN 150 220 - Garziano Macchine Agricole","robots":{"index":"index","follow":"follow","max-snippet":"max-snippet:-1","max-image-preview":"max-image-preview:large","max-video-preview":"max-video-preview:-1"},"canonical":"https:\/\/www.garzianomacchineagricole.it\/en\/prodotto\/abbacchiatore-elettrico-icarus-eco-v1-plug-in-150-220\/","og_locale":"en_GB","og_type":"article","og_title":"ABBACCHIATORE ELETTRICO ICARUS ECO V1 PLUG-IN 150 220 - Garziano Macchine Agricole","og_description":"Icarus V1 Eco Plug-In: L\u2019abbacchiatore senza cavi per prestazioni di raccolta avanzate  Dotato di unit\u00e0 di potenza Power Eco Plug-In, \u00e8 stato progettato per offrire mobilit\u00e0 completa e ottimizzare il processo di raccolta. Se possiedi un uliveto su terreno particolarmente pendente questo abbacchiatore \u00e8 la scelta giusta. Grazie alla tecnologia senza cavi consente un lavoro efficiente e continuativo senza limitazioni.  Il suo movimento orizzontale contrapposto \u00e8 pensato per affrontare piante con chioma folta, permettendo una penetrazione efficace anche nelle aree pi\u00f9 fitte. Questo sistema garantisce una raccolta rapida e senza sforzo, massimizzando la produttivit\u00e0.  I rebbi in carbonio, leggeri e resistenti sono intercambiabili singolarmente. Per una maggiore versatilit\u00e0, puoi alimentarlo con le batterie Extra Performance Plug-In o con batteria a terra da 12V, garantendo una soluzione flessibile per qualsiasi esigenza operativa.","og_url":"https:\/\/www.garzianomacchineagricole.it\/en\/prodotto\/abbacchiatore-elettrico-icarus-eco-v1-plug-in-150-220\/","og_site_name":"Garziano Macchine Agricole","article_modified_time":"2026-03-27T10:05:31+00:00","og_image":[{"width":800,"height":600,"url":"https:\/\/www.garzianomacchineagricole.it\/wp-content\/uploads\/ICARUS-V1-ECO-PLUG-IN.jpg","type":"image\/jpeg"}],"twitter_card":"summary_large_image","schema":{"@context":"https:\/\/schema.org","@graph":[{"@type":"WebPage","@id":"https:\/\/www.garzianomacchineagricole.it\/prodotto\/abbacchiatore-elettrico-icarus-eco-v1-plug-in-150-220\/","url":"https:\/\/www.garzianomacchineagricole.it\/prodotto\/abbacchiatore-elettrico-icarus-eco-v1-plug-in-150-220\/","name":"ABBACCHIATORE ELETTRICO ICARUS ECO V1 PLUG-IN 150 220 - Garziano Macchine Agricole","isPartOf":{"@id":"https:\/\/www.garzianomacchineagricole.it\/#website"},"primaryImageOfPage":{"@id":"https:\/\/www.garzianomacchineagricole.it\/prodotto\/abbacchiatore-elettrico-icarus-eco-v1-plug-in-150-220\/#primaryimage"},"image":{"@id":"https:\/\/www.garzianomacchineagricole.it\/prodotto\/abbacchiatore-elettrico-icarus-eco-v1-plug-in-150-220\/#primaryimage"},"thumbnailUrl":"https:\/\/www.garzianomacchineagricole.it\/wp-content\/uploads\/ICARUS-V1-ECO-PLUG-IN.jpg","datePublished":"2026-03-26T11:30:06+00:00","dateModified":"2026-03-27T10:05:31+00:00","breadcrumb":{"@id":"https:\/\/www.garzianomacchineagricole.it\/prodotto\/abbacchiatore-elettrico-icarus-eco-v1-plug-in-150-220\/#breadcrumb"},"inLanguage":"en-GB","potentialAction":[{"@type":"ReadAction","target":["https:\/\/www.garzianomacchineagricole.it\/prodotto\/abbacchiatore-elettrico-icarus-eco-v1-plug-in-150-220\/"]}]},{"@type":"ImageObject","inLanguage":"en-GB","@id":"https:\/\/www.garzianomacchineagricole.it\/prodotto\/abbacchiatore-elettrico-icarus-eco-v1-plug-in-150-220\/#primaryimage","url":"https:\/\/www.garzianomacchineagricole.it\/wp-content\/uploads\/ICARUS-V1-ECO-PLUG-IN.jpg","contentUrl":"https:\/\/www.garzianomacchineagricole.it\/wp-content\/uploads\/ICARUS-V1-ECO-PLUG-IN.jpg","width":800,"height":600},{"@type":"BreadcrumbList","@id":"https:\/\/www.garzianomacchineagricole.it\/prodotto\/abbacchiatore-elettrico-icarus-eco-v1-plug-in-150-220\/#breadcrumb","itemListElement":[{"@type":"ListItem","position":1,"name":"Home","item":"https:\/\/www.garzianomacchineagricole.it\/"},{"@type":"ListItem","position":2,"name":"Shop","item":"https:\/\/www.garzianomacchineagricole.it\/negozio\/"},{"@type":"ListItem","position":3,"name":"ABBACCHIATORE ELETTRICO ICARUS ECO V1 PLUG-IN 150 220"}]},{"@type":"WebSite","@id":"https:\/\/www.garzianomacchineagricole.it\/#website","url":"https:\/\/www.garzianomacchineagricole.it\/","name":"Garziano Macchine Agricole","description":"Vendita Assistenza e Ricambi Macchine Agricole","potentialAction":[{"@type":"SearchAction","target":{"@type":"EntryPoint","urlTemplate":"https:\/\/www.garzianomacchineagricole.it\/?s={search_term_string}"},"query-input":{"@type":"PropertyValueSpecification","valueRequired":true,"valueName":"search_term_string"}}],"inLanguage":"en-GB"}]}},"_links":{"self":[{"href":"https:\/\/www.garzianomacchineagricole.it\/en\/wp-json\/wp\/v2\/product\/21747","targetHints":{"allow":["GET"]}}],"collection":[{"href":"https:\/\/www.garzianomacchineagricole.it\/en\/wp-json\/wp\/v2\/product"}],"about":[{"href":"https:\/\/www.garzianomacchineagricole.it\/en\/wp-json\/wp\/v2\/types\/product"}],"replies":[{"embeddable":true,"href":"https:\/\/www.garzianomacchineagricole.it\/en\/wp-json\/wp\/v2\/comments?post=21747"}],"wp:featuredmedia":[{"embeddable":true,"href":"https:\/\/www.garzianomacchineagricole.it\/en\/wp-json\/wp\/v2\/media\/21780"}],"wp:attachment":[{"href":"https:\/\/www.garzianomacchineagricole.it\/en\/wp-json\/wp\/v2\/media?parent=21747"}],"wp:term":[{"taxonomy":"product_brand","embeddable":true,"href":"https:\/\/www.garzianomacchineagricole.it\/en\/wp-json\/wp\/v2\/product_brand?post=21747"},{"taxonomy":"product_cat","embeddable":true,"href":"https:\/\/www.garzianomacchineagricole.it\/en\/wp-json\/wp\/v2\/product_cat?post=21747"},{"taxonomy":"product_tag","embeddable":true,"href":"https:\/\/www.garzianomacchineagricole.it\/en\/wp-json\/wp\/v2\/product_tag?post=21747"}],"curies":[{"name":"wp","href":"https:\/\/api.w.org\/{rel}","templated":true}]}}