{"id":21994,"date":"2026-03-31T08:10:53","date_gmt":"2026-03-31T08:10:53","guid":{"rendered":"https:\/\/www.garzianomacchineagricole.it\/prodotto\/testa-decespugliatore-city-cut\/"},"modified":"2026-03-31T08:35:40","modified_gmt":"2026-03-31T08:35:40","slug":"testa-decespugliatore-city-cut","status":"publish","type":"product","link":"https:\/\/www.garzianomacchineagricole.it\/en\/product\/testa-decespugliatore-city-cut\/","title":{"rendered":"TESTA DECESPUGLIATORE CITY CUT"},"content":{"rendered":"","protected":false},"excerpt":{"rendered":"<div id=\"slider-528859376\" data-loop=\"false\" data-pausehover=\"true\">\n<div class=\"swiper-container swiper-container-initialized swiper-container-horizontal\">\n<div id=\"swiper-wrapper-199fec5f17d3fdef\" class=\"swiper-wrapper\" aria-live=\"polite\">\n<div class=\"swiper-slide swiper-slide-visible swiper-slide-active\" role=\"group\" aria-label=\"1 \/ 1\">\n<div class=\"swiper-slide-image lazy entered loaded\" data-bg=\"https:\/\/pellenc-back.vertuoz.fr\/cdn\/v1.0\/image\/tabs-vertical_md_resize\/user__10__city-cut-excelion-2-MAJ__focus-city-cut-pellenc.webp?ext=jpg\" data-big-bg=\"https:\/\/pellenc-back.vertuoz.fr\/cdn\/v1.0\/image\/tabs-vertical_xl_resize\/user__10__city-cut-excelion-2-MAJ__focus-city-cut-pellenc.webp?ext=jpg\" data-ll-status=\"loaded\">Le robuste lame ruotano in senso inverso forniscono un taglio pi\u00f9 efficiente limitando le proiezioni.<\/div>\n<div data-bg=\"https:\/\/pellenc-back.vertuoz.fr\/cdn\/v1.0\/image\/tabs-vertical_md_resize\/user__10__city-cut-excelion-2-MAJ__focus-city-cut-pellenc.webp?ext=jpg\" data-big-bg=\"https:\/\/pellenc-back.vertuoz.fr\/cdn\/v1.0\/image\/tabs-vertical_xl_resize\/user__10__city-cut-excelion-2-MAJ__focus-city-cut-pellenc.webp?ext=jpg\" data-ll-status=\"loaded\">\n<div id=\"slider-854408179\" data-loop=\"false\" data-pausehover=\"true\">\n<div class=\"swiper-container swiper-container-initialized swiper-container-horizontal\">\n<div id=\"swiper-wrapper-1804cf529a1da4ee\" class=\"swiper-wrapper\" aria-live=\"polite\">\n<div class=\"swiper-slide swiper-slide-visible swiper-slide-active\" role=\"group\" aria-label=\"1 \/ 1\">\n<div class=\"swiper-slide-image lazy entered loaded\" data-bg=\"https:\/\/pellenc-back.vertuoz.fr\/cdn\/v1.0\/image\/tabs-vertical_md_resize\/user__10__tete-debroussailleuse-city-cut-focus-tete-orientable-pellenc.webp?ext=jpg\" data-big-bg=\"https:\/\/pellenc-back.vertuoz.fr\/cdn\/v1.0\/image\/tabs-vertical_xl_resize\/user__10__tete-debroussailleuse-city-cut-focus-tete-orientable-pellenc.webp?ext=jpg\" data-ll-status=\"loaded\">Si adatta a tutte le condizioni ed \u00e8, ad esempio, ideale per lavorare lungo le pareti.<\/div>\n<div data-bg=\"https:\/\/pellenc-back.vertuoz.fr\/cdn\/v1.0\/image\/tabs-vertical_md_resize\/user__10__tete-debroussailleuse-city-cut-focus-tete-orientable-pellenc.webp?ext=jpg\" data-big-bg=\"https:\/\/pellenc-back.vertuoz.fr\/cdn\/v1.0\/image\/tabs-vertical_xl_resize\/user__10__tete-debroussailleuse-city-cut-focus-tete-orientable-pellenc.webp?ext=jpg\" data-ll-status=\"loaded\">\n<h3 class=\"tabs-container-collapse-inner-title\">La priorit\u00e0 \u00e8 l\u2019efficiacia<\/h3>\n<div class=\"tabs-container-collapse-inner-content\">\n<ul>\n<li>Lavoro rapido e risultato immediato: 400 m lineari per ora di diserbo<\/li>\n<li>Tecnologia controrotante per un rendimento ottimizzato e una grande potenza<\/li>\n<li>Testa orientabile per un lavoro pi\u00f9 efficace<\/li>\n<li>Rifiniture perfette lungo i cordoni dei marciapiedi, attorno agli alberi e lungo le reti metalliche.<\/li>\n<li>Risparmio di tempo e facilit\u00e0 di utilizzo grazie alla sostituzione rapida della testa<\/li>\n<li>Calotta in acciaio resistente all&#8217;abrasione sull&#8217;asfalto<\/li>\n<li>Meno materiali di consumo, lame robuste con manutenzione semplificata<\/li>\n<\/ul>\n<\/div>\n<\/div>\n<\/div>\n<\/div>\n<\/div>\n<\/div>\n<\/div>\n<\/div>\n<\/div>\n<\/div>\n<\/div>","protected":false},"featured_media":21999,"comment_status":"closed","ping_status":"closed","template":"","meta":[],"product_brand":[104],"product_cat":[219,139],"product_tag":[],"class_list":{"0":"post-21994","1":"product","2":"type-product","3":"status-publish","4":"has-post-thumbnail","6":"product_brand-pellenc","7":"product_cat-decespugliatore-attrezzatura-pellenc","8":"product_cat-attrezzatura-pellenc","10":"first","11":"outofstock","12":"taxable","13":"shipping-taxable","14":"purchasable","15":"product-type-simple"},"yoast_head":"<!-- This site is optimized with the Yoast SEO plugin v27.3 - https:\/\/yoast.com\/product\/yoast-seo-wordpress\/ -->\n<title>TESTA DECESPUGLIATORE CITY CUT - Garziano Macchine Agricole<\/title>\n<meta name=\"robots\" content=\"index, follow, max-snippet:-1, max-image-preview:large, max-video-preview:-1\" \/>\n<link rel=\"canonical\" href=\"https:\/\/www.garzianomacchineagricole.it\/en\/prodotto\/testa-decespugliatore-city-cut\/\" \/>\n<meta property=\"og:locale\" content=\"en_GB\" \/>\n<meta property=\"og:type\" content=\"article\" \/>\n<meta property=\"og:title\" content=\"TESTA DECESPUGLIATORE CITY CUT - Garziano Macchine Agricole\" \/>\n<meta property=\"og:description\" content=\"Le robuste lame ruotano in senso inverso forniscono un taglio pi\u00f9 efficiente limitando le proiezioni.      Si adatta a tutte le condizioni ed \u00e8, ad esempio, ideale per lavorare lungo le pareti.  La priorit\u00e0 \u00e8 l\u2019efficiacia    Lavoro rapido e risultato immediato: 400 m lineari per ora di diserbo  Tecnologia controrotante per un rendimento ottimizzato e una grande potenza  Testa orientabile per un lavoro pi\u00f9 efficace  Rifiniture perfette lungo i cordoni dei marciapiedi, attorno agli alberi e lungo le reti metalliche.  Risparmio di tempo e facilit\u00e0 di utilizzo grazie alla sostituzione rapida della testa  Calotta in acciaio resistente all&#039;abrasione sull&#039;asfalto  Meno materiali di consumo, lame robuste con manutenzione semplificata\" \/>\n<meta property=\"og:url\" content=\"https:\/\/www.garzianomacchineagricole.it\/en\/prodotto\/testa-decespugliatore-city-cut\/\" \/>\n<meta property=\"og:site_name\" content=\"Garziano Macchine Agricole\" \/>\n<meta property=\"article:modified_time\" content=\"2026-03-31T08:35:40+00:00\" \/>\n<meta property=\"og:image\" content=\"https:\/\/www.garzianomacchineagricole.it\/wp-content\/uploads\/city-excelions-illustration-legende-rec-pellenc-itajpg-1.jpg\" \/>\n\t<meta property=\"og:image:width\" content=\"2400\" \/>\n\t<meta property=\"og:image:height\" content=\"1644\" \/>\n\t<meta property=\"og:image:type\" content=\"image\/jpeg\" \/>\n<meta name=\"twitter:card\" content=\"summary_large_image\" \/>\n<script type=\"application\/ld+json\" class=\"yoast-schema-graph\">{\"@context\":\"https:\\\/\\\/schema.org\",\"@graph\":[{\"@type\":\"WebPage\",\"@id\":\"https:\\\/\\\/www.garzianomacchineagricole.it\\\/prodotto\\\/testa-decespugliatore-city-cut\\\/\",\"url\":\"https:\\\/\\\/www.garzianomacchineagricole.it\\\/prodotto\\\/testa-decespugliatore-city-cut\\\/\",\"name\":\"TESTA DECESPUGLIATORE CITY CUT - Garziano Macchine Agricole\",\"isPartOf\":{\"@id\":\"https:\\\/\\\/www.garzianomacchineagricole.it\\\/#website\"},\"primaryImageOfPage\":{\"@id\":\"https:\\\/\\\/www.garzianomacchineagricole.it\\\/prodotto\\\/testa-decespugliatore-city-cut\\\/#primaryimage\"},\"image\":{\"@id\":\"https:\\\/\\\/www.garzianomacchineagricole.it\\\/prodotto\\\/testa-decespugliatore-city-cut\\\/#primaryimage\"},\"thumbnailUrl\":\"https:\\\/\\\/www.garzianomacchineagricole.it\\\/wp-content\\\/uploads\\\/city-excelions-illustration-legende-rec-pellenc-itajpg-1.jpg\",\"datePublished\":\"2026-03-31T08:10:53+00:00\",\"dateModified\":\"2026-03-31T08:35:40+00:00\",\"breadcrumb\":{\"@id\":\"https:\\\/\\\/www.garzianomacchineagricole.it\\\/prodotto\\\/testa-decespugliatore-city-cut\\\/#breadcrumb\"},\"inLanguage\":\"en-GB\",\"potentialAction\":[{\"@type\":\"ReadAction\",\"target\":[\"https:\\\/\\\/www.garzianomacchineagricole.it\\\/prodotto\\\/testa-decespugliatore-city-cut\\\/\"]}]},{\"@type\":\"ImageObject\",\"inLanguage\":\"en-GB\",\"@id\":\"https:\\\/\\\/www.garzianomacchineagricole.it\\\/prodotto\\\/testa-decespugliatore-city-cut\\\/#primaryimage\",\"url\":\"https:\\\/\\\/www.garzianomacchineagricole.it\\\/wp-content\\\/uploads\\\/city-excelions-illustration-legende-rec-pellenc-itajpg-1.jpg\",\"contentUrl\":\"https:\\\/\\\/www.garzianomacchineagricole.it\\\/wp-content\\\/uploads\\\/city-excelions-illustration-legende-rec-pellenc-itajpg-1.jpg\",\"width\":2400,\"height\":1644},{\"@type\":\"BreadcrumbList\",\"@id\":\"https:\\\/\\\/www.garzianomacchineagricole.it\\\/prodotto\\\/testa-decespugliatore-city-cut\\\/#breadcrumb\",\"itemListElement\":[{\"@type\":\"ListItem\",\"position\":1,\"name\":\"Home\",\"item\":\"https:\\\/\\\/www.garzianomacchineagricole.it\\\/\"},{\"@type\":\"ListItem\",\"position\":2,\"name\":\"Shop\",\"item\":\"https:\\\/\\\/www.garzianomacchineagricole.it\\\/negozio\\\/\"},{\"@type\":\"ListItem\",\"position\":3,\"name\":\"TESTA DECESPUGLIATORE CITY CUT\"}]},{\"@type\":\"WebSite\",\"@id\":\"https:\\\/\\\/www.garzianomacchineagricole.it\\\/#website\",\"url\":\"https:\\\/\\\/www.garzianomacchineagricole.it\\\/\",\"name\":\"Garziano Macchine Agricole\",\"description\":\"Vendita Assistenza e Ricambi Macchine Agricole\",\"potentialAction\":[{\"@type\":\"SearchAction\",\"target\":{\"@type\":\"EntryPoint\",\"urlTemplate\":\"https:\\\/\\\/www.garzianomacchineagricole.it\\\/?s={search_term_string}\"},\"query-input\":{\"@type\":\"PropertyValueSpecification\",\"valueRequired\":true,\"valueName\":\"search_term_string\"}}],\"inLanguage\":\"en-GB\"}]}<\/script>\n<!-- \/ Yoast SEO plugin. -->","yoast_head_json":{"title":"TESTA DECESPUGLIATORE CITY CUT - Garziano Macchine Agricole","robots":{"index":"index","follow":"follow","max-snippet":"max-snippet:-1","max-image-preview":"max-image-preview:large","max-video-preview":"max-video-preview:-1"},"canonical":"https:\/\/www.garzianomacchineagricole.it\/en\/prodotto\/testa-decespugliatore-city-cut\/","og_locale":"en_GB","og_type":"article","og_title":"TESTA DECESPUGLIATORE CITY CUT - Garziano Macchine Agricole","og_description":"Le robuste lame ruotano in senso inverso forniscono un taglio pi\u00f9 efficiente limitando le proiezioni.      Si adatta a tutte le condizioni ed \u00e8, ad esempio, ideale per lavorare lungo le pareti.  La priorit\u00e0 \u00e8 l\u2019efficiacia    Lavoro rapido e risultato immediato: 400 m lineari per ora di diserbo  Tecnologia controrotante per un rendimento ottimizzato e una grande potenza  Testa orientabile per un lavoro pi\u00f9 efficace  Rifiniture perfette lungo i cordoni dei marciapiedi, attorno agli alberi e lungo le reti metalliche.  Risparmio di tempo e facilit\u00e0 di utilizzo grazie alla sostituzione rapida della testa  Calotta in acciaio resistente all'abrasione sull'asfalto  Meno materiali di consumo, lame robuste con manutenzione semplificata","og_url":"https:\/\/www.garzianomacchineagricole.it\/en\/prodotto\/testa-decespugliatore-city-cut\/","og_site_name":"Garziano Macchine Agricole","article_modified_time":"2026-03-31T08:35:40+00:00","og_image":[{"width":2400,"height":1644,"url":"https:\/\/www.garzianomacchineagricole.it\/wp-content\/uploads\/city-excelions-illustration-legende-rec-pellenc-itajpg-1.jpg","type":"image\/jpeg"}],"twitter_card":"summary_large_image","schema":{"@context":"https:\/\/schema.org","@graph":[{"@type":"WebPage","@id":"https:\/\/www.garzianomacchineagricole.it\/prodotto\/testa-decespugliatore-city-cut\/","url":"https:\/\/www.garzianomacchineagricole.it\/prodotto\/testa-decespugliatore-city-cut\/","name":"TESTA DECESPUGLIATORE CITY CUT - Garziano Macchine Agricole","isPartOf":{"@id":"https:\/\/www.garzianomacchineagricole.it\/#website"},"primaryImageOfPage":{"@id":"https:\/\/www.garzianomacchineagricole.it\/prodotto\/testa-decespugliatore-city-cut\/#primaryimage"},"image":{"@id":"https:\/\/www.garzianomacchineagricole.it\/prodotto\/testa-decespugliatore-city-cut\/#primaryimage"},"thumbnailUrl":"https:\/\/www.garzianomacchineagricole.it\/wp-content\/uploads\/city-excelions-illustration-legende-rec-pellenc-itajpg-1.jpg","datePublished":"2026-03-31T08:10:53+00:00","dateModified":"2026-03-31T08:35:40+00:00","breadcrumb":{"@id":"https:\/\/www.garzianomacchineagricole.it\/prodotto\/testa-decespugliatore-city-cut\/#breadcrumb"},"inLanguage":"en-GB","potentialAction":[{"@type":"ReadAction","target":["https:\/\/www.garzianomacchineagricole.it\/prodotto\/testa-decespugliatore-city-cut\/"]}]},{"@type":"ImageObject","inLanguage":"en-GB","@id":"https:\/\/www.garzianomacchineagricole.it\/prodotto\/testa-decespugliatore-city-cut\/#primaryimage","url":"https:\/\/www.garzianomacchineagricole.it\/wp-content\/uploads\/city-excelions-illustration-legende-rec-pellenc-itajpg-1.jpg","contentUrl":"https:\/\/www.garzianomacchineagricole.it\/wp-content\/uploads\/city-excelions-illustration-legende-rec-pellenc-itajpg-1.jpg","width":2400,"height":1644},{"@type":"BreadcrumbList","@id":"https:\/\/www.garzianomacchineagricole.it\/prodotto\/testa-decespugliatore-city-cut\/#breadcrumb","itemListElement":[{"@type":"ListItem","position":1,"name":"Home","item":"https:\/\/www.garzianomacchineagricole.it\/"},{"@type":"ListItem","position":2,"name":"Shop","item":"https:\/\/www.garzianomacchineagricole.it\/negozio\/"},{"@type":"ListItem","position":3,"name":"TESTA DECESPUGLIATORE CITY CUT"}]},{"@type":"WebSite","@id":"https:\/\/www.garzianomacchineagricole.it\/#website","url":"https:\/\/www.garzianomacchineagricole.it\/","name":"Garziano Macchine Agricole","description":"Vendita Assistenza e Ricambi Macchine Agricole","potentialAction":[{"@type":"SearchAction","target":{"@type":"EntryPoint","urlTemplate":"https:\/\/www.garzianomacchineagricole.it\/?s={search_term_string}"},"query-input":{"@type":"PropertyValueSpecification","valueRequired":true,"valueName":"search_term_string"}}],"inLanguage":"en-GB"}]}},"_links":{"self":[{"href":"https:\/\/www.garzianomacchineagricole.it\/en\/wp-json\/wp\/v2\/product\/21994","targetHints":{"allow":["GET"]}}],"collection":[{"href":"https:\/\/www.garzianomacchineagricole.it\/en\/wp-json\/wp\/v2\/product"}],"about":[{"href":"https:\/\/www.garzianomacchineagricole.it\/en\/wp-json\/wp\/v2\/types\/product"}],"replies":[{"embeddable":true,"href":"https:\/\/www.garzianomacchineagricole.it\/en\/wp-json\/wp\/v2\/comments?post=21994"}],"wp:featuredmedia":[{"embeddable":true,"href":"https:\/\/www.garzianomacchineagricole.it\/en\/wp-json\/wp\/v2\/media\/21999"}],"wp:attachment":[{"href":"https:\/\/www.garzianomacchineagricole.it\/en\/wp-json\/wp\/v2\/media?parent=21994"}],"wp:term":[{"taxonomy":"product_brand","embeddable":true,"href":"https:\/\/www.garzianomacchineagricole.it\/en\/wp-json\/wp\/v2\/product_brand?post=21994"},{"taxonomy":"product_cat","embeddable":true,"href":"https:\/\/www.garzianomacchineagricole.it\/en\/wp-json\/wp\/v2\/product_cat?post=21994"},{"taxonomy":"product_tag","embeddable":true,"href":"https:\/\/www.garzianomacchineagricole.it\/en\/wp-json\/wp\/v2\/product_tag?post=21994"}],"curies":[{"name":"wp","href":"https:\/\/api.w.org\/{rel}","templated":true}]}}